{"id":100,"date":"2014-10-20T19:30:07","date_gmt":"2014-10-20T17:30:07","guid":{"rendered":"http:\/\/www.gmds-ag-sie.de\/?page_id=100"},"modified":"2014-10-20T19:30:07","modified_gmt":"2014-10-20T17:30:07","slug":"jahresbericht-072001-062002","status":"publish","type":"page","link":"https:\/\/www.gmds-ag-sie.de\/?page_id=100","title":{"rendered":"Jahresbericht 07\/2001 \u2013 06\/2002"},"content":{"rendered":"<div class=\"entry-content\">\n<div class=\"post-bodycopy clearfix\">\n<h2><strong><em>T\u00e4tigkeiten vom 1. Juli 2001 bis 30. Juni 2002<\/em><\/strong><\/h2>\n<p>Laut Satzung stellt sich die GMDS-AG \u201cStandards f\u00fcr Kommunikation und Interoperabilit\u00e4t\u201d der Herausforderung, die Standardisierungsaktivit\u00e4ten auf dem Gebiet der Spezifikationen, Architektur- und Designprinzipien zur Sicherung der Interoperabilit\u00e4t von Informationssystemen bzw. Systemkomponenten zu f\u00f6rdern. In diesem Kontext sind Weiterentwicklungen bei den Kommunikationsstandards zu begleiten und zu unterst\u00fctzen. Ein wichtiges Ziel ist es, den Gegenstand, den Prozess und die Ergebnisse der Standardisierung zu verbreiten und damit zur Akzeptanz und Weiterentwicklung der \u201cStandards f\u00fcr Kommunikation und Interoperabilit\u00e4t\u201d durch Industrie sowie Anwender beizutragen. Die Aktivit\u00e4ten der AG sind eng mit dem Engagement der Leiter und Mitglieder im Rahmen von Standardisierungsgremien (HL7, DIN, CEN, ISO, \u2026) verbunden.<\/p>\n<p>Im Berichtszeitraum konnte sich die AG weiter etablieren. Es wurden verschiedene AG-Tagungen und mehrere Workshops (z. T. gemeinsam mit der HL7-Benutzergruppe in Deutschland e.V.) durchgef\u00fchrt, die sich ausf\u00fchrlich mit Entwicklungen, Trends und Projektaktivit\u00e4ten auf dem Gebiet der Standardisierung von Kommunikation und Interoperabilit\u00e4t (HL7\/XML, CORBA, Component Architecture, Electronic Health Record, \u2026) befassten. In diesem Kontext ist der Workshop \u201cStandards f\u00fcr Design und Implementierung interoperabler elektronischer Krankenakten (Electronic Healthcare Records \u2013 EHCR)\u201d anl\u00e4sslich der 46. Jahretagung der GMDS 2001 in K\u00f6ln zu nennen, der von den Leitern der AG gestaltet wurde. Im Rahmen der HL7-Jahrestagung wurden als gemeinsame Aktivit\u00e4ten der GMDS-AG und der HL7-Benutzergruppe durch die AG-Leiter mehrere Tutorien zum Gegenstand der AG durchgef\u00fchrt. Weiterhin ist der gemeinsame Workshop anl\u00e4sslich der diesj\u00e4hrigen KIS-Tagung in Heidelberg zu nennen.<\/p>\n<p>Eine wichtige Aktivit\u00e4t, die ebenfalls gemeinsam mit der HL7-Benutzergruppe in Deutschland e. V. realisiert wird, ist das SCIPHOX-Projekt zur Spezifikation und Im-plementierung eines Kommunikationsprotokolls zwischen Krankenhausinformations-systemen und Praxiscomputersystemen.<\/p>\n<p>Die \u00d6ffentlichkeitsarbeit der GMDS-AG SKI hat sich weiter verbessert. Die AG f\u00fchrt erfolgreich eine aktive, durch den Stellvertretenden AG-Leiter, Dr. Heitmann, gestaltete Web-Seite.<\/p>\n<p>Als besonderer Erfolg auf dem Weg der Erh\u00f6hung der Praktikabilit\u00e4t und Wirksamkeit der Arbeit der AG ist ihre Liaison mit der AG technische Kommunikation des VhitG (Verband der Hersteller von IT-L\u00f6sungen f\u00fcr das Gesundheitswesen) zu sehen.<\/p>\n<h3><em>Vorgesehene Aktivit\u00e4ten 2002\/2003<\/em><\/h3>\n<p>Im kommenden Berichtsjahr wird die Informationsarbeit weiter entwickelt, wobei den Standards f\u00fcr Interoperabilit\u00e4t, insbesondere den Komponentensystemen, den wichtigsten internationalen Standards f\u00fcr die Architektur und Kommunikation inter-operabler verteilter Electronic Health Records sowie neuen Orientierungen bei den Kommunikationsstandards eine erh\u00f6hte Aufmerksamkeit geschenkt wird.<\/p>\n<p>In Zusammenarbeit mit der HL7-Benutzergruppe wird sich die AG an Workshops und Tutorials auf verschiedenen internationalen Konferenzen (z. B. MIE 2002, CCL 2002) beteiligen.<\/p>\n<h2><strong>T\u00e4tigkeiten bis 30. Juni 2000<\/strong><\/h2>\n<p>Dem Beschluss des Fachausschu\u00df des Fachbereichs Medizinische Informatik und des Pr\u00e4sidiums der GMDS entsprechend, konstituierte sich am 20.1.2000 die GMDS-Arbeitsgruppe \u201cStandards f\u00fcr Kommunikation und Interoperabilit\u00e4t\u201d. Diese GMDS-AG setzt die Arbeit der von Prof. Dudeck aufgebauten und geleiteten GMDS-Projektgruppe \u201cKommunikationsstandards\u201d fort.<\/p>\n<p>In ihrem Aufgabenprofil stellt sich die GMDS-AG \u201cStandards f\u00fcr Kommunikation und Interoperabilit\u00e4t\u201d der Herausforderung, die Standardisierungsaktivit\u00e4ten auf dem Gebiet der Spezifikationen, Architektur- und Designprinzipien zur Sicherung der Interoperabilit\u00e4t von Informationssystemen bzw. Systemkomponenten zu f\u00f6rdern. In diesem Kontext sind Weiterentwicklungen bei den Kommunikationsstandards zu begleiten und zu unterst\u00fctzen. Ein wichtiges Ziel ist es, den Gegenstand, den Prozess und die Ergebnisse der Standardisierung zu verbreiten und damit zur Akzeptanz und Weiterentwicklung der \u201cStandards f\u00fcr Kommunikation und Interoperabilit\u00e4t\u201d durch Industrie sowie Anwender beizutragen.<br \/>\nIn der kurzen Zeit ihrer Existenz haben Mitglieder der AG sowohl intern als auch im Rahmen externer Workshops (u.a. f\u00fcr die Hersteller von patientenorientierten Informations- und Kommunikationssystemen) \u00fcber aktuelle Entwicklungen auf dem Gebiet informiert.<\/p>\n<h3><em>Vorgesehene Aktivit\u00e4ten 2000\/2001<\/em><\/h3>\n<p>Im kommenden Berichtsjahr wird die Informationsarbeit intensiviert, wobei den Standards der Interoperabilit\u00e4t, insbesondere den Komponentensystemen (CORBA, DCOM, ActiveX, CCOW\/VI), sowie neuen Orientierungen bei den Kommunikationsstandards eine erh\u00f6hte Aufmerksamkeit geschenkt wird. Im Rahmen von Konferenzen, Workshops und Tagungen wie der MIE2000\/GMDS2000, HL7- und XML-Tagungen werden entsprechende Aktivit\u00e4ten pr\u00e4sentiert und Tutorials organisiert werden. Die Internet-Pr\u00e4senz wird dabei aktiv gestaltet werden.<\/p>\n<\/div>\n<\/div>\n","protected":false},"excerpt":{"rendered":"<p>T\u00e4tigkeiten vom 1. Juli 2001 bis 30. Juni 2002 Laut Satzung stellt sich die GMDS-AG \u201cStandards f\u00fcr Kommunikation und Interoperabilit\u00e4t\u201d der Herausforderung, die Standardisierungsaktivit\u00e4ten auf dem Gebiet der Spezifikationen, Architektur- und Designprinzipien zur Sicherung der Interoperabilit\u00e4t von Informationssystemen bzw. Systemkomponenten zu f\u00f6rdern. In diesem Kontext sind Weiterentwicklungen bei den Kommunikationsstandards zu begleiten und zu unterst\u00fctzen. [&hellip;]<\/p>\n","protected":false},"author":1,"featured_media":0,"parent":0,"menu_order":0,"comment_status":"open","ping_status":"open","template":"","meta":{"footnotes":""},"_links":{"self":[{"href":"https:\/\/www.gmds-ag-sie.de\/index.php?rest_route=\/wp\/v2\/pages\/100"}],"collection":[{"href":"https:\/\/www.gmds-ag-sie.de\/index.php?rest_route=\/wp\/v2\/pages"}],"about":[{"href":"https:\/\/www.gmds-ag-sie.de\/index.php?rest_route=\/wp\/v2\/types\/page"}],"author":[{"embeddable":true,"href":"https:\/\/www.gmds-ag-sie.de\/index.php?rest_route=\/wp\/v2\/users\/1"}],"replies":[{"embeddable":true,"href":"https:\/\/www.gmds-ag-sie.de\/index.php?rest_route=%2Fwp%2Fv2%2Fcomments&post=100"}],"version-history":[{"count":1,"href":"https:\/\/www.gmds-ag-sie.de\/index.php?rest_route=\/wp\/v2\/pages\/100\/revisions"}],"predecessor-version":[{"id":103,"href":"https:\/\/www.gmds-ag-sie.de\/index.php?rest_route=\/wp\/v2\/pages\/100\/revisions\/103"}],"wp:attachment":[{"href":"https:\/\/www.gmds-ag-sie.de\/index.php?rest_route=%2Fwp%2Fv2%2Fmedia&parent=100"}],"curies":[{"name":"wp","href":"https:\/\/api.w.org\/{rel}","templated":true}]}}