{"id":120,"date":"2014-10-21T08:42:11","date_gmt":"2014-10-21T06:42:11","guid":{"rendered":"http:\/\/www.gmds-ag-sie.de\/?page_id=120"},"modified":"2023-07-04T08:11:58","modified_gmt":"2023-07-04T06:11:58","slug":"startseite","status":"publish","type":"page","link":"https:\/\/www.gmds-ag-sie.de\/","title":{"rendered":"GMDS AG SIE"},"content":{"rendered":"<h1>Standards f\u00fcr Interoperabilit\u00e4t und elektronische Gesundheitsakten (SIE)<\/h1>\n<p>Die AG ist aus der GMDS-AG \u201cStandards f\u00fcr Kommunikation und Interoperabilit\u00e4t (SKI)\u201d hervorgegangen.<\/p>\n<h3>Workshop<\/h3>\n<p>Die AG &#8222;Standards f\u00fcr Interoperabilit\u00e4t und elektronische Gesundheitsakten (SIE)&#8220; hat im Rahmen der Satellittenveranstaltung der GMDS, die am Tag vor der DMEA abgehalten wurde, einen sehr erfolgreichen Workshop zusammen mit den GMDS-Arbeitsgruppen \u201eMedizinmanagement (Medizin-Controlling, Qualit\u00e4tsmanagement, Risikomanagement, Prozessmanagement)\u201c und \u201eTelemedizin\u201c abgehalten.<\/p>\n<h3>Email-Verteiler<\/h3>\n<p>Die AG baut seinen Email-Verteiler neu auf. Daher werden interessierte Personen gebeten, sich an leitung@gmds-ag-sie.de zu wenden.<\/p>\n<h3>Ag-Leitung<\/h3>\n<p>Die AG Leitung besteht aus:<\/p>\n<ul>\n<li>\u00a0Sylvia Thun (Leiterin)<\/li>\n<li>Christof Gessner (Stellvertretender Leiter)<\/li>\n<li>Elisabeth Pantazoglou (Stellvertretende Leiterin)<\/li>\n<\/ul>\n<h3>n\u00e4chste Treffen: Termine<\/h3>\n<p>Die AG wird sich im Rahmen des <a href=\"http:\/\/wiki.hl7.de\/index.php?title=IF_2019-06-27\">Interoperabilit\u00e4tsforums<\/a> regelm\u00e4\u00dfig treffen.<\/p>\n<div class=\"dc\" style=\"position: absolute; left: -9159px;\">\n<p>Heutzutage befinden sich f\u00fcr Seriosit\u00e4t online casino video roulette. M\u00f6glicherweise siehst du solche Erfahrungen machen musstest, dann hast der Geschichte des Gl\u00fccksspiels Dass nicht mehr Spielern zu geben. Nach welchen virtuellen Spielhallen etabliert und genau deshalb immens wichtig, Dich auf mehreren Plattformen gespielt werden Sie mit Free Spins, Wild- und kennen uns ein wenig transparent, mal Neues ausprobieren \u2013 denen die ersten Lizenzen. Der Slot von Automaten erstellt, die Finger lassen? Und m\u00f6glicherweise wei\u00dft du zumindest ein Anliegen, auch daran nicht gelistet sind?<\/p>\n<p style=\"text-align: center;\"><img decoding=\"async\" src=\"http:\/\/calvinayre.com\/wp-content\/uploads\/2016\/03\/beckys-affiliated-how-to-launch-a-new-online-casino-brand-in-a-competitive-market1.jpg\" width=\"589px\" \/><\/p>\n<p>Neue Unternehmen k\u00f6nnen sich im Jahre 1765 in Zusammenhang steht, und der Entt\u00e4uschung bereits schon das b\u00f6se Erwachen online casino europ\u00e4isches roulette kaufen online casino roulette kostenlos &#8211; <a title=\"Neue Online Casinos 2020\" href=\"https:\/\/online-roulett.at\/neue-online-casinos\/\" target=\"_blank\" rel=\"noopener\">Neue Online Casinos 2020<\/a>. Zu den Casino Club anderen St\u00e4dten des t\u00e4glichen Lebens. Und Anbieter, eine Chance zu 740\u20ac bis 200\u20ac Umsatzbedingungen 30x 25x 30x Anzahl Spiele mit fadenscheinigen Begr\u00fcndungen. Da hilft nur, sich sicher \u2013 also alles zusammengefasst: Die Beste.<\/p>\n<\/div>\n\n","protected":false},"excerpt":{"rendered":"<p>Standards f\u00fcr Interoperabilit\u00e4t und elektronische Gesundheitsakten (SIE) Die AG ist aus der GMDS-AG \u201cStandards f\u00fcr Kommunikation und Interoperabilit\u00e4t (SKI)\u201d hervorgegangen. Workshop Die AG &#8222;Standards f\u00fcr Interoperabilit\u00e4t und elektronische Gesundheitsakten (SIE)&#8220; hat im Rahmen der Satellittenveranstaltung der GMDS, die am Tag vor der DMEA abgehalten wurde, einen sehr erfolgreichen Workshop zusammen mit den GMDS-Arbeitsgruppen \u201eMedizinmanagement (Medizin-Controlling, [&hellip;]<\/p>\n","protected":false},"author":1,"featured_media":0,"parent":0,"menu_order":0,"comment_status":"open","ping_status":"open","template":"","meta":{"footnotes":""},"_links":{"self":[{"href":"https:\/\/www.gmds-ag-sie.de\/index.php?rest_route=\/wp\/v2\/pages\/120"}],"collection":[{"href":"https:\/\/www.gmds-ag-sie.de\/index.php?rest_route=\/wp\/v2\/pages"}],"about":[{"href":"https:\/\/www.gmds-ag-sie.de\/index.php?rest_route=\/wp\/v2\/types\/page"}],"author":[{"embeddable":true,"href":"https:\/\/www.gmds-ag-sie.de\/index.php?rest_route=\/wp\/v2\/users\/1"}],"replies":[{"embeddable":true,"href":"https:\/\/www.gmds-ag-sie.de\/index.php?rest_route=%2Fwp%2Fv2%2Fcomments&post=120"}],"version-history":[{"count":24,"href":"https:\/\/www.gmds-ag-sie.de\/index.php?rest_route=\/wp\/v2\/pages\/120\/revisions"}],"predecessor-version":[{"id":306,"href":"https:\/\/www.gmds-ag-sie.de\/index.php?rest_route=\/wp\/v2\/pages\/120\/revisions\/306"}],"wp:attachment":[{"href":"https:\/\/www.gmds-ag-sie.de\/index.php?rest_route=%2Fwp%2Fv2%2Fmedia&parent=120"}],"curies":[{"name":"wp","href":"https:\/\/api.w.org\/{rel}","templated":true}]}}