{"id":143,"date":"2014-10-21T09:13:45","date_gmt":"2014-10-21T07:13:45","guid":{"rendered":"http:\/\/www.gmds-ag-sie.de\/?page_id=143"},"modified":"2017-06-08T11:26:37","modified_gmt":"2017-06-08T09:26:37","slug":"themen","status":"publish","type":"page","link":"https:\/\/www.gmds-ag-sie.de\/?page_id=143","title":{"rendered":"Themen"},"content":{"rendered":"<p>Die AG bearbeitet folgende Themen:<\/p>\n<h3>Arztbrief PLUS<\/h3>\n<p>Der VHitG-Arztbrief aus dem Jahre 2005 (v1.0)\/2006 (v1.5) wird unter dem heutigen Kenntnisstand \u00fcberarbeitet:<\/p>\n<ul>\n<li>Einarbeitung des Template-Ansatzes<\/li>\n<li>Datentypen<\/li>\n<li>Anpassung der Struktur (Ber\u00fccksichtigung von epSOS und ELGA)<\/li>\n<\/ul>\n<h3>Einwilligungserkl\u00e4rung<\/h3>\n<p>Abbildung der Einwilligungserkl\u00e4rung eines Patienten in\u00a0 eine Sicherheitsarchitektur.<\/p>\n<h3>IHE-Cookbook<\/h3>\n<p>Das <a href=\"http:\/\/wiki.hl7.de\/index.php\/IHE-Cookbook_(Projekt)\">IHE-Cookbook<\/a> ist eine Initiative, um die durch <a href=\"http:\/\/wiki.hl7.de\/index.php\/IHE_Integrationsprofile\">IHE bereitgestellten Integrationsprofile<\/a> f\u00fcr eine Aktennutzung (eFA, eEPA, EGA) zusammenzustellen.<\/p>\n<h3>IHE ITI PAM- Abgleich<\/h3>\n<p>In diesem Projekt geht es um die \u00dcberarbeitung der deutschen Nachrichtenprofile auf Basis von HL7 Version 2.5, so dass diese eine Spezialisierung des durch IHE ITI erstellten PAM (PAtient Administration Management) Integration Profile darstellen. Das ZIel istdie Bereitstellung von <a href=\"http:\/\/wiki.hl7.de\/index.php\/Deutsche_Profil%C3%BCbersicht\">dedizierten Nachrichtenprofilen<\/a>.<\/p>\n<p>&nbsp;<\/p>\n<p>&nbsp;<\/p>\n","protected":false},"excerpt":{"rendered":"<p>Die AG bearbeitet folgende Themen: Arztbrief PLUS Der VHitG-Arztbrief aus dem Jahre 2005 (v1.0)\/2006 (v1.5) wird unter dem heutigen Kenntnisstand \u00fcberarbeitet: Einarbeitung des Template-Ansatzes Datentypen Anpassung der Struktur (Ber\u00fccksichtigung von epSOS und ELGA) Einwilligungserkl\u00e4rung Abbildung der Einwilligungserkl\u00e4rung eines Patienten in\u00a0 eine Sicherheitsarchitektur. IHE-Cookbook Das IHE-Cookbook ist eine Initiative, um die durch IHE bereitgestellten Integrationsprofile f\u00fcr [&hellip;]<\/p>\n","protected":false},"author":1,"featured_media":0,"parent":0,"menu_order":0,"comment_status":"open","ping_status":"open","template":"","meta":{"footnotes":""},"_links":{"self":[{"href":"https:\/\/www.gmds-ag-sie.de\/index.php?rest_route=\/wp\/v2\/pages\/143"}],"collection":[{"href":"https:\/\/www.gmds-ag-sie.de\/index.php?rest_route=\/wp\/v2\/pages"}],"about":[{"href":"https:\/\/www.gmds-ag-sie.de\/index.php?rest_route=\/wp\/v2\/types\/page"}],"author":[{"embeddable":true,"href":"https:\/\/www.gmds-ag-sie.de\/index.php?rest_route=\/wp\/v2\/users\/1"}],"replies":[{"embeddable":true,"href":"https:\/\/www.gmds-ag-sie.de\/index.php?rest_route=%2Fwp%2Fv2%2Fcomments&post=143"}],"version-history":[{"count":4,"href":"https:\/\/www.gmds-ag-sie.de\/index.php?rest_route=\/wp\/v2\/pages\/143\/revisions"}],"predecessor-version":[{"id":249,"href":"https:\/\/www.gmds-ag-sie.de\/index.php?rest_route=\/wp\/v2\/pages\/143\/revisions\/249"}],"wp:attachment":[{"href":"https:\/\/www.gmds-ag-sie.de\/index.php?rest_route=%2Fwp%2Fv2%2Fmedia&parent=143"}],"curies":[{"name":"wp","href":"https:\/\/api.w.org\/{rel}","templated":true}]}}