{"id":147,"date":"2014-10-21T09:20:36","date_gmt":"2014-10-21T07:20:36","guid":{"rendered":"http:\/\/www.gmds-ag-sie.de\/?page_id=147"},"modified":"2014-10-21T09:20:36","modified_gmt":"2014-10-21T07:20:36","slug":"workshop-sie-hl7-d-04-04-2011-berlin","status":"publish","type":"page","link":"https:\/\/www.gmds-ag-sie.de\/?page_id=147","title":{"rendered":"Workshop SIE + HL7-D, 04.04.2011, Berlin"},"content":{"rendered":"<h2>Standardisierte Wissensrepr\u00e4sentation zur Sicherung von Interoperabilit\u00e4t im Gesundheitswesen<\/h2>\n<h3>GMDS AG SIE in Kooperation mit der HL7 Deutschland<\/h3>\n<p>Interoperabilit\u00e4t ist zuallererst nicht ein technisches, sondern ein semantisches, organisatorisches und sozial-kulturelles Problem, d.h. die Herausforderung des Verstehens der Informationsinhalte einschlie\u00dflich der korrekten kontextuellen Interpretation sowie der Realisierung einer ad\u00e4quaten Aktion \u00fcber die Grenzen von Organisationen und Fachgebiete, aber auch L\u00e4nder und rechtliche Dom\u00e4nen hinweg ist zu meistern. Die Repr\u00e4sentation der Informationen einschlie\u00dflich der zugrundeliegenden Konzepte sowie der entsprechenden Terminologien und deren Harmonisierung werden zum A und O verteilter, kooperierender Informationssysteme im Gesundheitswesen. Die internationale Standardisierung in ISO, CEN, HL7, OASIS, IHTSDO, etc. bietet dazu L\u00f6sungen an bzw. entwickelt erforderliche Spezifikationen. Der Workshop beschreibt das Anliegen, stellt L\u00f6sungen vor und identifiziert offene Probleme, vielfach demonstriert am Beispiel der elektronischen Gesundheitsakten, was sich in folgenden Beitr\u00e4gen niederschlug:<\/p>\n<ul>\n<li>Die Rolle von Referenzmodellen als Wissensrepr\u00e4sentation f\u00fcr die Interoperabilit\u00e4t (Bernd Blobel, Regensburg)<\/li>\n<li>Repr\u00e4sentation klinischer Konzepte durch Archetypes (Hans Demski, M\u00fcnchen)<\/li>\n<li>Repr\u00e4sentation klinischer Konzepte durch CDA (Kai Heitmann, K\u00f6ln)<\/li>\n<li>Werkzeuge und Methoden f\u00fcr das praktische Management klinischer Konzepte (Sebastian Garde, D\u00fcsseldorf)<\/li>\n<li>Konvergenz oder Divergenz der Wissensrepr\u00e4sentation in medizinischer und biomedizinischer Informatik (Bernd Blobel, Regensburg)<\/li>\n<li>Wissensbasierte Transformation von Kommunikationsstandards (Frank Oemig, M\u00fclheim)<\/li>\n<li>Die Rolle von Terminologien f\u00fcr Interoperabilit\u00e4t (Sylvia Thun, K\u00f6ln)<\/li>\n<\/ul>\n","protected":false},"excerpt":{"rendered":"<p>Standardisierte Wissensrepr\u00e4sentation zur Sicherung von Interoperabilit\u00e4t im Gesundheitswesen GMDS AG SIE in Kooperation mit der HL7 Deutschland Interoperabilit\u00e4t ist zuallererst nicht ein technisches, sondern ein semantisches, organisatorisches und sozial-kulturelles Problem, d.h. die Herausforderung des Verstehens der Informationsinhalte einschlie\u00dflich der korrekten kontextuellen Interpretation sowie der Realisierung einer ad\u00e4quaten Aktion \u00fcber die Grenzen von Organisationen und Fachgebiete, [&hellip;]<\/p>\n","protected":false},"author":1,"featured_media":0,"parent":0,"menu_order":0,"comment_status":"open","ping_status":"open","template":"","meta":{"footnotes":""},"_links":{"self":[{"href":"https:\/\/www.gmds-ag-sie.de\/index.php?rest_route=\/wp\/v2\/pages\/147"}],"collection":[{"href":"https:\/\/www.gmds-ag-sie.de\/index.php?rest_route=\/wp\/v2\/pages"}],"about":[{"href":"https:\/\/www.gmds-ag-sie.de\/index.php?rest_route=\/wp\/v2\/types\/page"}],"author":[{"embeddable":true,"href":"https:\/\/www.gmds-ag-sie.de\/index.php?rest_route=\/wp\/v2\/users\/1"}],"replies":[{"embeddable":true,"href":"https:\/\/www.gmds-ag-sie.de\/index.php?rest_route=%2Fwp%2Fv2%2Fcomments&post=147"}],"version-history":[{"count":1,"href":"https:\/\/www.gmds-ag-sie.de\/index.php?rest_route=\/wp\/v2\/pages\/147\/revisions"}],"predecessor-version":[{"id":150,"href":"https:\/\/www.gmds-ag-sie.de\/index.php?rest_route=\/wp\/v2\/pages\/147\/revisions\/150"}],"wp:attachment":[{"href":"https:\/\/www.gmds-ag-sie.de\/index.php?rest_route=%2Fwp%2Fv2%2Fmedia&parent=147"}],"curies":[{"name":"wp","href":"https:\/\/api.w.org\/{rel}","templated":true}]}}