{"id":180,"date":"2014-12-23T10:19:01","date_gmt":"2014-12-23T08:19:01","guid":{"rendered":"http:\/\/www.gmds-ag-sie.de\/?page_id=180"},"modified":"2014-12-23T10:19:01","modified_gmt":"2014-12-23T08:19:01","slug":"jahresbericht-012014-122014","status":"publish","type":"page","link":"https:\/\/www.gmds-ag-sie.de\/?page_id=180","title":{"rendered":"Jahresbericht 01\/2014 \u2013 12\/2014"},"content":{"rendered":"<h2>T\u00e4tigkeit vom 1. Januar 2014 bis 31. Dezember 2014<\/h2>\n<p>Die AG SIE hat sich insbesondere \u00fcber das Interoperabilit\u00e4tsforum an Standardisierungs- und Normierungs\u00acarbeiten beteiligt. Das Forum tagt zu diesem Zweck vier Mal im Jahr an wechselnden Orten. Die Treffen finden immer zweit\u00e4gig alle drei Monate statt. Die Arbeiten dort konzentrieren sich derzeit auf folgende Schwerpunkte:<\/p>\n<ul>\n<li>Implementierungsleitfaden \u201cArztbrief 2014\u2033: Weiterf\u00fchrung der \u00dcberarbeitung der ersten Version (\u201cVHitG-Arztbrief\u201d, 2006) auf Basis des aktuellen Stands der Standardisierung. Ber\u00fccksichtigt wurden auch die parallel stattfindenden Ausarbeitungen von ELGA in \u00d6sterreich mit dem Ziel der Erstellung von gemeinsamen Regeln in Form von CDA-Templates als Entwicklungsvorgabe. Dieser Leitfaden wurde inzwischen abgestimmt, die Kommentare befinden sich in der Aufl\u00f6sung.<\/li>\n<li>Erfolgreiche Aktualisierung, Abstimmung und Verabschiedung der deutschen Nachrichtenprofile nach dem Abgleich mit den IHE-Profilen zum Patient Administration Management (IHE ITI PAM), um Inkonsistenzen und Konflikte zu beseitigen. Die deutschen Profile stellen damit jetzt eine valide Spezialisierung der internationalen IHE-Profile dar. Zu Erstellung eines eigenen Kapitels in IHE ITI Volume 4, wo die verschiedenen National Extensions aufgef\u00fchrt werden, sind die Texte ins englische \u00fcbersetzt worden. Nach einer Verhandlung mit dem Planungskommitee von IHE ITI reicht die Bereitstellung eines Kapitels mit Deep-Links. Der Entwurf hierf\u00fcr befindet sich in der Abstimmung.<\/li>\n<li>Elektronische Fallakte EFA: Beobachtung und Unterst\u00fctzung der Ausarbeitungen: ein wichtiger Aspekt sind hier die Patienteneinwilligungen zur Nutzung der Akte, hier haben wir im Rahmen der internationalen Standardisierung in der Security Work Group von HL7 mitgearbeitet.<\/li>\n<\/ul>\n<p>An der Satellitenveranstaltung 2014, die im Rahmen der conhIT 2014 in Berlin ausgerichtet wurde, hat sich die GMDS AG SIE diesmal wieder nicht mit einem eigenen Workshop beteiligt.<\/p>\n<p>Zur 59. GMDS-Jahrestagung hat die AG durch einzelne Beitr\u00e4ge zu verschiedenen Sessions und Workshops beigetragen. Der Schwerpunkt lag diesmal auf einem Tutorial zur Erstellung von Schnittstellen.<\/p>\n<p>Dar\u00fcber hinaus gab es noch folgende Aktivit\u00e4ten:<\/p>\n<ul>\n<li>Beteiligung am Interoperabilit\u00e4tsforum (4 Treffen \u00e1 2 Tage im M\u00e4rz, Juni, September und Dezember)<\/li>\n<li>Aufbau einer neuenb Webseite<\/li>\n<li>Pflege und Aktualisierung der Vernetzung mit anderen GMDS-Arbeitsgruppen.<\/li>\n<\/ul>\n<h3>Geplante Aktivit\u00e4ten f\u00fcr 2015<\/h3>\n<p>Die GMDS-AG \u201eStandards f\u00fcr Interoperabilit\u00e4t und EHR\u201c plant f\u00fcr 2015 folgende Aktivit\u00e4ten:<\/p>\n<ul>\n<li>Workshop auf der GMDS-SAtellitenveranstaltung zur conhIT<\/li>\n<li>Beteiligung am Interoperabilit\u00e4tsforum (4 Treffen \u00e1 2 Tage im M\u00e4rz, Juni, September und Dezember):\n<ul>\n<li>16\/17.3.2015, Berlin<\/li>\n<li>8.\/9.6.2015, K\u00f6ln<\/li>\n<li>17.\/18.9.2015, Berlin<\/li>\n<li>14.\/15.12.2015, K\u00f6ln<\/li>\n<\/ul>\n<\/li>\n<li>Abschluss der IHE ITI PAM Arbeiten mit Anerkennung der deutschen Nachrichtenprofile als g\u00fcltige National Extension, so dass diese zuk\u00fcnftig auf den europ\u00e4ischen Connect-a-thons getestet werden k\u00f6nnen<\/li>\n<li>Realisierung von Tutorials auf der HL7\/IHE Jahrestagung 2015 gemeinsam mit HL7 Deutschland und IHE Deutschland<\/li>\n<li>Tutorial zur Entwicklung von Schnittstellen auf der GMDS Jahrestagung (2*2h)<\/li>\n<li>Fortsetzung der IHE-Cookbook-Arbeiten<\/li>\n<li>Weiterentwicklung der Einwilligungserkl\u00e4rung (Patient Consent Directive) auf Basis von IHE BPPC in Zusammenarbeit mit HL7, IHE und EFA<\/li>\n<li>Pflege und Aktualisierung der Vernetzung mit anderen GMDS-Arbeitsgruppen.<\/li>\n<\/ul>\n<p>Amtszeit der Arbeitsgruppenleitung und deren Vertretung:<br \/>\n8. September 2012 \u2013 September 2015: Ge\u00dfner, Oemig<\/p>\n","protected":false},"excerpt":{"rendered":"<p>T\u00e4tigkeit vom 1. Januar 2014 bis 31. Dezember 2014 Die AG SIE hat sich insbesondere \u00fcber das Interoperabilit\u00e4tsforum an Standardisierungs- und Normierungs\u00acarbeiten beteiligt. Das Forum tagt zu diesem Zweck vier Mal im Jahr an wechselnden Orten. Die Treffen finden immer zweit\u00e4gig alle drei Monate statt. Die Arbeiten dort konzentrieren sich derzeit auf folgende Schwerpunkte: Implementierungsleitfaden [&hellip;]<\/p>\n","protected":false},"author":2,"featured_media":0,"parent":0,"menu_order":0,"comment_status":"closed","ping_status":"open","template":"","meta":{"footnotes":""},"_links":{"self":[{"href":"https:\/\/www.gmds-ag-sie.de\/index.php?rest_route=\/wp\/v2\/pages\/180"}],"collection":[{"href":"https:\/\/www.gmds-ag-sie.de\/index.php?rest_route=\/wp\/v2\/pages"}],"about":[{"href":"https:\/\/www.gmds-ag-sie.de\/index.php?rest_route=\/wp\/v2\/types\/page"}],"author":[{"embeddable":true,"href":"https:\/\/www.gmds-ag-sie.de\/index.php?rest_route=\/wp\/v2\/users\/2"}],"replies":[{"embeddable":true,"href":"https:\/\/www.gmds-ag-sie.de\/index.php?rest_route=%2Fwp%2Fv2%2Fcomments&post=180"}],"version-history":[{"count":1,"href":"https:\/\/www.gmds-ag-sie.de\/index.php?rest_route=\/wp\/v2\/pages\/180\/revisions"}],"predecessor-version":[{"id":183,"href":"https:\/\/www.gmds-ag-sie.de\/index.php?rest_route=\/wp\/v2\/pages\/180\/revisions\/183"}],"wp:attachment":[{"href":"https:\/\/www.gmds-ag-sie.de\/index.php?rest_route=%2Fwp%2Fv2%2Fmedia&parent=180"}],"curies":[{"name":"wp","href":"https:\/\/api.w.org\/{rel}","templated":true}]}}