{"id":185,"date":"2014-12-23T10:29:29","date_gmt":"2014-12-23T08:29:29","guid":{"rendered":"http:\/\/www.gmds-ag-sie.de\/?page_id=185"},"modified":"2015-03-23T09:11:11","modified_gmt":"2015-03-23T07:11:11","slug":"treffen-18-12-2014-koeln","status":"publish","type":"page","link":"https:\/\/www.gmds-ag-sie.de\/?page_id=185","title":{"rendered":"Treffen 18.12.2014, K\u00f6ln"},"content":{"rendered":"<h1>Treffen der GMDS AG SIE am 18.12.14, 17:15-18:00 in K\u00f6ln<\/h1>\n<p>Teilnehmer: Elisabeth Pantazoglou, Heike Dewenter, Lars R\u00fcsing, J\u00fcrgen Zapf, Sylvia Thun, Christof Gessner, Frank Oemig<\/p>\n<h2>1. Begr\u00fc\u00dfung<\/h2>\n<p>Christof begr\u00fc\u00dft die Teilnehmer und erkl\u00e4rt noch einmal die Hintergr\u00fcnde zu GMDS und der AG.<\/p>\n<p>Die AG hat eine neue Webseite: <a href=\"http:\/\/www.gmds-ag-sie.de\/\">www.gmds-ag-sie.de<\/a><\/p>\n<p>Zuarbeit Webseite ist m\u00f6glich \u00fcber Einladung. (Eine freie Anmeldung ist gesperrt worden, da es schon Spam gegeben hat.) Hierzu bitte eine Email an die Leitung.<\/p>\n<p>Wer sind wir und wo treten wir in Erscheinung? Bisher hat der vorherige Leiter Bernd Blobel hier sehr viel auf Basis direkter Kontakte realisiert.<\/p>\n<p>Wie kann man die Themen, die auf dem Forum besprochen werden, in die Wissenschaft tragen, und dann auch wieder zur\u00fcck in die Standardisierung.<\/p>\n<h2>2. Workshop<\/h2>\n<p>Es gibt zwei M\u00f6glichkeiten in 2015 Workshops zu veranstalten:<\/p>\n<ol>\n<li>GMDS-Satellitenworkshop vor conhIT<\/li>\n<li>auf Jahrestagung<\/li>\n<\/ol>\n<p>Beschluss: Die AG m\u00f6chte sich an beiden beteiligen.<\/p>\n<h3>2.1. GMDS-Satellitenworkshop vor conhIT<\/h3>\n<p>Vorstellung der aktuellen Projekte?<\/p>\n<ul>\n<li>nicht wissenschaftlich<\/li>\n<\/ul>\n<p>Trend-Workshop d.h. neue Themen?<\/p>\n<ul>\n<li>mobile Ger\u00e4te<\/li>\n<li>Snomed<\/li>\n<li>FHIR<\/li>\n<li>OR.NET<\/li>\n<li><\/li>\n<\/ul>\n<h3>2.2. auf GMDS-Jahrestagung<\/h3>\n<p>Thema vertagt.<\/p>\n<h2>3. Themen f\u00fcr die AG<\/h2>\n<ul>\n<li>Mitarbeit im IOP-Forum<\/li>\n<li>Fragebogenaktion zu laufenden Projekten, bspw. Kodierung von Informationen, d.h.<\/li>\n<li>M\u00f6glichkeiten, wie man Interoperabilit\u00e4t oder den Nutzen daraus messbar machen kann? Monet\u00e4r, Nutzen\/Wert (Damit k\u00e4me man auch auf eine Mangementebene.)<\/li>\n<\/ul>\n<h2>4. Ver\u00f6ffentlichungen<\/h2>\n<p>Sylvia und Heike haben Beitr\u00e4ge eingereicht bei:<\/p>\n<ul>\n<li>MIE<\/li>\n<li>IHIC<\/li>\n<\/ul>\n<p>=&gt; Heike, Sylvia, Frank, Bernd, Kai: Liste der Ver\u00f6ffentlichungen<\/p>\n<h2>5. Termine<\/h2>\n<p>N\u00e4chstes Treffen auf dem Interoperabilit\u00e4tsforum in Berlin.<\/p>\n","protected":false},"excerpt":{"rendered":"<p>Treffen der GMDS AG SIE am 18.12.14, 17:15-18:00 in K\u00f6ln Teilnehmer: Elisabeth Pantazoglou, Heike Dewenter, Lars R\u00fcsing, J\u00fcrgen Zapf, Sylvia Thun, Christof Gessner, Frank Oemig 1. Begr\u00fc\u00dfung Christof begr\u00fc\u00dft die Teilnehmer und erkl\u00e4rt noch einmal die Hintergr\u00fcnde zu GMDS und der AG. Die AG hat eine neue Webseite: www.gmds-ag-sie.de Zuarbeit Webseite ist m\u00f6glich \u00fcber Einladung. [&hellip;]<\/p>\n","protected":false},"author":2,"featured_media":0,"parent":109,"menu_order":0,"comment_status":"closed","ping_status":"closed","template":"","meta":{"footnotes":""},"_links":{"self":[{"href":"https:\/\/www.gmds-ag-sie.de\/index.php?rest_route=\/wp\/v2\/pages\/185"}],"collection":[{"href":"https:\/\/www.gmds-ag-sie.de\/index.php?rest_route=\/wp\/v2\/pages"}],"about":[{"href":"https:\/\/www.gmds-ag-sie.de\/index.php?rest_route=\/wp\/v2\/types\/page"}],"author":[{"embeddable":true,"href":"https:\/\/www.gmds-ag-sie.de\/index.php?rest_route=\/wp\/v2\/users\/2"}],"replies":[{"embeddable":true,"href":"https:\/\/www.gmds-ag-sie.de\/index.php?rest_route=%2Fwp%2Fv2%2Fcomments&post=185"}],"version-history":[{"count":2,"href":"https:\/\/www.gmds-ag-sie.de\/index.php?rest_route=\/wp\/v2\/pages\/185\/revisions"}],"predecessor-version":[{"id":190,"href":"https:\/\/www.gmds-ag-sie.de\/index.php?rest_route=\/wp\/v2\/pages\/185\/revisions\/190"}],"up":[{"embeddable":true,"href":"https:\/\/www.gmds-ag-sie.de\/index.php?rest_route=\/wp\/v2\/pages\/109"}],"wp:attachment":[{"href":"https:\/\/www.gmds-ag-sie.de\/index.php?rest_route=%2Fwp%2Fv2%2Fmedia&parent=185"}],"curies":[{"name":"wp","href":"https:\/\/api.w.org\/{rel}","templated":true}]}}