{"id":226,"date":"2015-09-10T09:35:03","date_gmt":"2015-09-10T07:35:03","guid":{"rendered":"http:\/\/www.gmds-ag-sie.de\/?page_id=226"},"modified":"2015-09-10T09:48:40","modified_gmt":"2015-09-10T07:48:40","slug":"treffen-09-09-2015-krefeld","status":"publish","type":"page","link":"https:\/\/www.gmds-ag-sie.de\/?page_id=226","title":{"rendered":"Treffen 09.09.2015, Krefeld"},"content":{"rendered":"<h1>Treffen der GMDS AG SIE am 09.09.15, 13:00-14:00 in Krefeld<\/h1>\n<p>Teilnehmer: Elisabeth Pantazoglou, Kim Becker, Janah Gr\u00f6hl, Justin Doods, Volker Thiemann, Bogdan Zyla, Magadelena Davila, Sylvia Thun, Christof Gessner, Frank Oemig<\/p>\n<h2>1. Begr\u00fc\u00dfung<\/h2>\n<p>Christof begr\u00fc\u00dft die Teilnehmer und erkl\u00e4rt noch einmal die Hintergr\u00fcnde zu GMDS und der AG.<\/p>\n<p>Wie kann man die Themen, die auf dem Forum besprochen werden, in die Wissenschaft tragen, und dann auch wieder zur\u00fcck in die Standardisierung.<\/p>\n<h2>2. Bericht<\/h2>\n<p>Christof berichtet \u00fcber die Arbeitsweise und den Aktivit\u00e4ten der AG:<\/p>\n<ol>\n<li>Arbeitsweise: Treffen im Rahmen zu bestimmten Themen und Mitarbeit im Interoperabilit\u00e4tsforum<\/li>\n<li>Zuarbeit und Teilnahem an der IHIC 2015 in Prag, Tschechei, und der pHealth 2015 in Vastaras, Schweden<\/li>\n<li>GMDS-Satellitenworkshop vor conhIT zum Thema &#8222;Innovation versus Regulation&#8220;<\/li>\n<li>Session auf der conhIT im Bereich Krankenhaus-IT-Archtitektur<\/li>\n<li>auf HL7+IHE-Jahrestagung<\/li>\n<li>Bereitstellung und Benennung von Experten f\u00fcr DIN\/ISO\/CEN<\/li>\n<li>Work-Product: &#8222;Arztbrief 2014&#8220; finalisiert<\/li>\n<li>Kommentierung des eHealth-Gesetzenentwurfes<\/li>\n<li>Vertretung im Beirat: SDIS, Kommentierungsportal<\/li>\n<\/ol>\n<p>Beschluss: Die AG beteiligt sich weiterhin an dem Interoperabilit\u00e4tsforum.<\/p>\n<h2>3. Themen f\u00fcr die AG<\/h2>\n<ul>\n<li>Pantazoglou: Identifikation von \u00c4rzten (\u00fcber LANR bzw. GLN)<\/li>\n<\/ul>\n<h2>4. Wahl der Leitung<\/h2>\n<p>Christof und Frank stehen weiterhin zur Verf\u00fcgung, sehen jedoch einen dringenden Bedarf an Unterst\u00fctzung aus dem Hochschulbereich. Hier stellen sich dann Sylvia, Elisabeth und Justin zur Verf\u00fcgung, so dass wir folgende Kandidaten haben:<\/p>\n<ul>\n<li>Christof Gessner<\/li>\n<li>Sylvia Thun<\/li>\n<li>Elisabeth Pantazoglou<\/li>\n<li>Justin Doods<\/li>\n<li>Frank Oemig<\/li>\n<\/ul>\n<p>Sylvia merkt an, dass eine AG bis zu vier Stellvertreter haben kann.<\/p>\n<p>Christof wird in seiner Leitungsfunktion einstimmig best\u00e4tigt. Alle anderen sind gleichberechtigte Stellvertreter.<\/p>\n<h2>5. Ziele<\/h2>\n<ul>\n<li>Lehrpl\u00e4ne\/Praktikum: Hinweise auf unsere AG<\/li>\n<li>Standards in die Anwendung bringen<\/li>\n<\/ul>\n<h2>6. Planung<\/h2>\n<ul>\n<li>Teilnahme and der conhIT\n<ul>\n<li>Session<\/li>\n<li>Satellitenworkshop<\/li>\n<\/ul>\n<\/li>\n<li>IHIC 2016 in Genua: (Call for Paper schicken)<\/li>\n<li>Interoperabilit\u00e4tsforum<\/li>\n<\/ul>\n<h2>7. Termine<\/h2>\n<p>N\u00e4chstes Treffen auf dem Interoperabilit\u00e4tsforum in K\u00f6ln. (Das Treffen in Berlin wird aufgrund der zeitlichen N\u00e4he \u00fcbersprungen.)<\/p>\n","protected":false},"excerpt":{"rendered":"<p>Treffen der GMDS AG SIE am 09.09.15, 13:00-14:00 in Krefeld Teilnehmer: Elisabeth Pantazoglou, Kim Becker, Janah Gr\u00f6hl, Justin Doods, Volker Thiemann, Bogdan Zyla, Magadelena Davila, Sylvia Thun, Christof Gessner, Frank Oemig 1. Begr\u00fc\u00dfung Christof begr\u00fc\u00dft die Teilnehmer und erkl\u00e4rt noch einmal die Hintergr\u00fcnde zu GMDS und der AG. Wie kann man die Themen, die auf [&hellip;]<\/p>\n","protected":false},"author":1,"featured_media":0,"parent":109,"menu_order":0,"comment_status":"closed","ping_status":"open","template":"page-templates\/full-width.php","meta":{"footnotes":""},"_links":{"self":[{"href":"https:\/\/www.gmds-ag-sie.de\/index.php?rest_route=\/wp\/v2\/pages\/226"}],"collection":[{"href":"https:\/\/www.gmds-ag-sie.de\/index.php?rest_route=\/wp\/v2\/pages"}],"about":[{"href":"https:\/\/www.gmds-ag-sie.de\/index.php?rest_route=\/wp\/v2\/types\/page"}],"author":[{"embeddable":true,"href":"https:\/\/www.gmds-ag-sie.de\/index.php?rest_route=\/wp\/v2\/users\/1"}],"replies":[{"embeddable":true,"href":"https:\/\/www.gmds-ag-sie.de\/index.php?rest_route=%2Fwp%2Fv2%2Fcomments&post=226"}],"version-history":[{"count":3,"href":"https:\/\/www.gmds-ag-sie.de\/index.php?rest_route=\/wp\/v2\/pages\/226\/revisions"}],"predecessor-version":[{"id":231,"href":"https:\/\/www.gmds-ag-sie.de\/index.php?rest_route=\/wp\/v2\/pages\/226\/revisions\/231"}],"up":[{"embeddable":true,"href":"https:\/\/www.gmds-ag-sie.de\/index.php?rest_route=\/wp\/v2\/pages\/109"}],"wp:attachment":[{"href":"https:\/\/www.gmds-ag-sie.de\/index.php?rest_route=%2Fwp%2Fv2%2Fmedia&parent=226"}],"curies":[{"name":"wp","href":"https:\/\/api.w.org\/{rel}","templated":true}]}}