{"id":252,"date":"2018-06-04T11:02:31","date_gmt":"2018-06-04T09:02:31","guid":{"rendered":"http:\/\/www.gmds-ag-sie.de\/?page_id=252"},"modified":"2018-06-04T11:02:31","modified_gmt":"2018-06-04T09:02:31","slug":"datenschutz","status":"publish","type":"page","link":"https:\/\/www.gmds-ag-sie.de\/?page_id=252","title":{"rendered":"Datenschutz"},"content":{"rendered":"<p>Bei jedem Zugriff eines Nutzers unsere Webseiten und bei jedem Abruf einer Datei werden Daten \u00fcber diesen Vorgang vor\u00fcbergehend in einer Protokolldatei gespeichert und verarbeitet.<\/p>\n<p>Im einzelnen werden \u00fcber jeden Zugriff\/Abruf folgende Daten gespeichert:<\/p>\n<ul>\n<li>IP-Adresse<\/li>\n<li>Datum und Uhrzeit,<\/li>\n<li>aufgerufene Seite\/Name der abgerufenen Datei,<\/li>\n<li>\u00fcbertragene Datenmenge,<\/li>\n<li>Meldung, ob der Zugriff\/Abruf erfolgreich war.<\/li>\n<\/ul>\n<p>Diese Daten werden lediglich f\u00fcr statistische Zwecke und zur Verbesserung des Angebots ausgewertet und anschlie\u00dfend gel\u00f6scht. Eine andere Verwendung oder Weitergabe an Dritte erfolgt nicht.<\/p>\n<p>Bei der Nutzung unseres Forums werden persistente und Session-Cookies gesetzt, um Ihnen die Nutzung des Forums komfortabler zu machen, zum Beispiel um Ihre Anmeldung \u00fcber eine Sitzung hinaus im Forum zu erhalten oder den von Ihnen gew\u00e4hlten Sprachstil beizubehalten. Wer keine Speicherung seiner Sitzungsdaten m\u00f6chte, sollte die Checkbox \u201eAngemeldet bleiben\u201c nicht ankreuzen und seinen Browser so einrichten, dass s\u00e4mtliche Cookies beim Herunterfahren des Rechners gel\u00f6scht werden.<\/p>\n","protected":false},"excerpt":{"rendered":"<p>Bei jedem Zugriff eines Nutzers unsere Webseiten und bei jedem Abruf einer Datei werden Daten \u00fcber diesen Vorgang vor\u00fcbergehend in einer Protokolldatei gespeichert und verarbeitet. Im einzelnen werden \u00fcber jeden Zugriff\/Abruf folgende Daten gespeichert: IP-Adresse Datum und Uhrzeit, aufgerufene Seite\/Name der abgerufenen Datei, \u00fcbertragene Datenmenge, Meldung, ob der Zugriff\/Abruf erfolgreich war. Diese Daten werden lediglich [&hellip;]<\/p>\n","protected":false},"author":1,"featured_media":0,"parent":0,"menu_order":0,"comment_status":"closed","ping_status":"open","template":"","meta":{"footnotes":""},"_links":{"self":[{"href":"https:\/\/www.gmds-ag-sie.de\/index.php?rest_route=\/wp\/v2\/pages\/252"}],"collection":[{"href":"https:\/\/www.gmds-ag-sie.de\/index.php?rest_route=\/wp\/v2\/pages"}],"about":[{"href":"https:\/\/www.gmds-ag-sie.de\/index.php?rest_route=\/wp\/v2\/types\/page"}],"author":[{"embeddable":true,"href":"https:\/\/www.gmds-ag-sie.de\/index.php?rest_route=\/wp\/v2\/users\/1"}],"replies":[{"embeddable":true,"href":"https:\/\/www.gmds-ag-sie.de\/index.php?rest_route=%2Fwp%2Fv2%2Fcomments&post=252"}],"version-history":[{"count":1,"href":"https:\/\/www.gmds-ag-sie.de\/index.php?rest_route=\/wp\/v2\/pages\/252\/revisions"}],"predecessor-version":[{"id":255,"href":"https:\/\/www.gmds-ag-sie.de\/index.php?rest_route=\/wp\/v2\/pages\/252\/revisions\/255"}],"wp:attachment":[{"href":"https:\/\/www.gmds-ag-sie.de\/index.php?rest_route=%2Fwp%2Fv2%2Fmedia&parent=252"}],"curies":[{"name":"wp","href":"https:\/\/api.w.org\/{rel}","templated":true}]}}