{"id":51,"date":"2014-10-20T18:08:27","date_gmt":"2014-10-20T16:08:27","guid":{"rendered":"http:\/\/www.gmds-ag-sie.de\/?page_id=51"},"modified":"2014-12-02T20:09:17","modified_gmt":"2014-12-02T18:09:17","slug":"aufgaben-und-ziele","status":"publish","type":"page","link":"https:\/\/www.gmds-ag-sie.de\/?page_id=51","title":{"rendered":"Aufgaben und Ziele"},"content":{"rendered":"<div class=\"post-bodycopy clearfix\">\n<h3>Bet\u00e4tigungsfeld der GMDS-AG \u201cStandards f\u00fcr Interoperabilit\u00e4t elektronische Gesundheitsakten (SIE)\u201d<\/h3>\n<h5>(vormals GMDS-AG \u201cStandards f\u00fcr Kommunikation und Interoperabilit\u00e4t (SKI)\u201d)<\/h5>\n<p>Laut Satzung stellt sich die GMDS-AG \u201cStandards f\u00fcr Interoperabilit\u00e4t und elektronische Gesundheitsakten\u201d der Herausforderung, die Standardisierungsaktivit\u00e4ten auf dem Gebiet der Spezifikationen, Architektur- und Designprinzipien zur Sicherung der Interoperabilit\u00e4t von Informationssystemen bzw. Systemkomponenten unter besonderer Ber\u00fccksichtigung des Electronic Health Record beizutragen zu f\u00f6rdern. In diesem Kontext sind Weiterentwicklungen bei den Kommunikations- und Architekturstandards mit dem Ziel semantischer Interoperabilit\u00e4t \u2013 kurz Interoperabilit\u00e4tsstandards genannt \u2013 zu begleiten und zu unterst\u00fctzen.<\/p>\n<p>Ein wichtiges Ziel ist es, den Gegenstand, den Prozess und die Ergebnisse der Standardisierung zu verbreiten und damit zur Akzeptanz und Weiterentwicklung der \u201cStandards f\u00fcr Interoperabilit\u00e4t und Electronic Health Records\u201d durch Industrie sowie Anwender beizutragen. Die Aktivit\u00e4ten der AG sind eng mit dem Engagement der Leiter und Mitglieder im Rahmen von Standardisierungsgremien (HL7, DIN, CEN, ISO, \u2026) verbunden. Auch wirkt sich die Kooperation mit der GMDS-AG \u201eDatenschutz in Gesundheitsinformationssystemen\u201d sowie den EFMI Working Groups \u201eElectronic Health Records\u201d und \u201eSecurity, Safety and Ethics\u201d sehr vorteilhaft aus. Mit den genannten Organisationen \u2013 und hier insbesondere mit der HL7-Benutzergruppe in Deutschland e.V. \u2013 besteht naturgem\u00e4\u00df die intensivste Zusammenarbeit.<\/p>\n<h2>Kooperation mit dem Interoperabilit\u00e4tsforum<\/h2>\n<p>Die AG hat am 19.April 2010 in Berlin beschlossen, bei inhaltllichen Arbeiten mit dem <a href=\"http:\/\/www.interoperabilitaetsforum.de\">Interoperabilit\u00e4stforum<\/a> zu kooperieren. Die Arbeitsergebnisse sind daher auf der <a href=\"http:\/\/wiki.hl7.de\">gemeinsamen Plattform<\/a> zu finden.<\/p>\n<p><b>Konkrete Ziele:<\/b><\/p>\n<ol>\n<li>Mit zunehmender Orientierung des Gesundheitswesens und seiner unterst\u00fctzenden Informations- und Kommunikationssysteme auf Kommunikations- und Kooperationsf\u00e4higkeit und der damit verbundenen Offenheit der Architekturen und ihrer Implementationen gewinnen Standards an Bedeutung.<\/li>\n<li>Da \u00fcber benutzte Hardware-Plattformen, Betriebssysteme, verwendete Programmiersprachen, Programmentwicklungsumgebungen und Datenbanken sowie eingesetzte Anwendungsformate kein Konsens zu erzielen ist, beschr\u00e4nken sich die Standardisierungsaktivit\u00e4ten auf Spezifikationen, Architektur- und Designprinzipien zur Sicherung der Interoperabilit\u00e4t der sowie auf die Kommunikation zwischen den Systemkomponenten. Interoperabilit\u00e4t ist dabei sowohl auf der Ebene der Anwendungssysteme als auch auf der Ebene der Daten zu gew\u00e4hrleisten.<\/li>\n<li>Die GMDS-AG &#8222;Standards f\u00fcr Kommunikation und Interoperabilit\u00e4t\u201d stellt sich der Herausforderung, die angesprochenen Standardisierungsinhalte und \u2013aktivit\u00e4ten zu begleiten und zu unterst\u00fctzen, den Gegenstand, den Prozess und die Ergebnisse der Standardisierung zu verbreiten und damit zur Akzeptanz und Weiterentwicklung der &#8222;Standards f\u00fcr Kommunikation und Interoperabilit\u00e4t\u201d beizutragen.<\/li>\n<li>Das Augenmerk der GMDS-AG &#8222;Standards f\u00fcr Kommunikation und Interoperabilit\u00e4t\u201d gilt insbesondere der Information \u00fcber diese Standards sowie ihrer Propagierung, Anwendung und Zusammenf\u00fchrung im Kontext der verschiedenen konkreten Anwendungsszenarien der Medizin. Dabei kooperiert die AG eng mit den anderen AG und PG der GMDS und gibt ihnen Scope-spezifische Unterst\u00fctzung.<\/li>\n<li>Die GMDS-AG &#8222;Standards f\u00fcr Kommunikation und Interoperabilit\u00e4t\u201d unterst\u00fctzt den Vorstand der GMDS, indem sie in seinem Auftrag Anfragen von sowie Gutachten und Stellungnahmen f\u00fcr nationale und internationale Standardisierungsgremien und andere Institutionen zum beschriebenen T\u00e4tigkeitsfeld erarbeitet.<\/li>\n<\/ol>\n<\/div>\n","protected":false},"excerpt":{"rendered":"<p>Bet\u00e4tigungsfeld der GMDS-AG \u201cStandards f\u00fcr Interoperabilit\u00e4t elektronische Gesundheitsakten (SIE)\u201d (vormals GMDS-AG \u201cStandards f\u00fcr Kommunikation und Interoperabilit\u00e4t (SKI)\u201d) Laut Satzung stellt sich die GMDS-AG \u201cStandards f\u00fcr Interoperabilit\u00e4t und elektronische Gesundheitsakten\u201d der Herausforderung, die Standardisierungsaktivit\u00e4ten auf dem Gebiet der Spezifikationen, Architektur- und Designprinzipien zur Sicherung der Interoperabilit\u00e4t von Informationssystemen bzw. Systemkomponenten unter besonderer Ber\u00fccksichtigung des Electronic Health [&hellip;]<\/p>\n","protected":false},"author":1,"featured_media":0,"parent":0,"menu_order":0,"comment_status":"open","ping_status":"open","template":"","meta":{"footnotes":""},"_links":{"self":[{"href":"https:\/\/www.gmds-ag-sie.de\/index.php?rest_route=\/wp\/v2\/pages\/51"}],"collection":[{"href":"https:\/\/www.gmds-ag-sie.de\/index.php?rest_route=\/wp\/v2\/pages"}],"about":[{"href":"https:\/\/www.gmds-ag-sie.de\/index.php?rest_route=\/wp\/v2\/types\/page"}],"author":[{"embeddable":true,"href":"https:\/\/www.gmds-ag-sie.de\/index.php?rest_route=\/wp\/v2\/users\/1"}],"replies":[{"embeddable":true,"href":"https:\/\/www.gmds-ag-sie.de\/index.php?rest_route=%2Fwp%2Fv2%2Fcomments&post=51"}],"version-history":[{"count":5,"href":"https:\/\/www.gmds-ag-sie.de\/index.php?rest_route=\/wp\/v2\/pages\/51\/revisions"}],"predecessor-version":[{"id":173,"href":"https:\/\/www.gmds-ag-sie.de\/index.php?rest_route=\/wp\/v2\/pages\/51\/revisions\/173"}],"wp:attachment":[{"href":"https:\/\/www.gmds-ag-sie.de\/index.php?rest_route=%2Fwp%2Fv2%2Fmedia&parent=51"}],"curies":[{"name":"wp","href":"https:\/\/api.w.org\/{rel}","templated":true}]}}