{"id":57,"date":"2014-10-20T19:12:06","date_gmt":"2014-10-20T17:12:06","guid":{"rendered":"http:\/\/www.gmds-ag-sie.de\/?page_id=57"},"modified":"2014-10-31T11:31:26","modified_gmt":"2014-10-31T09:31:26","slug":"jahresbericht-012012-122012","status":"publish","type":"page","link":"https:\/\/www.gmds-ag-sie.de\/?page_id=57","title":{"rendered":"Jahresbericht 01\/2013 &#8211; 12\/2013"},"content":{"rendered":"<h2>T\u00e4tigkeit vom 1. Januar 2013 bis 31. Dezember 2013<\/h2>\n<p>Die GMDS-AG \u201cStandards f\u00fcr Interoperabilit\u00e4t und elektronische Gesundheitsakten\u201d (SIE) stellt sich der Herausforderung, die Standardisierungsaktivit\u00e4ten auf dem Gebiet der Spezifikationen sowie der Architektur- und Designprinzipien zur Sicherung der Interoperabilit\u00e4t von Informationssystemen bzw. System\u00ackom\u00acponenten mit besonderem Augenmerk auf die Kernapplikation von eHealth-Umgebungen, die elektronische Gesundheitsakte oder international der Electronic Health Record (EHR) bzw. Personal Health Record (PHR), zu f\u00f6rdern. Ein wichtiges Ziel ist es, den Gegenstand, den Prozess und die Ergebnisse der Standardisierung zu verbreiten und damit zur Akzeptanz und Weiterentwicklung der \u201cStandards f\u00fcr Kommunikation und Interoperabilit\u00e4t\u201d durch Industrie sowie Anwender unter besonderer Ber\u00fccksichtigung des Electronic Health Record beizutragen. Die Aktivit\u00e4ten der AG sind daher eng mit dem Engagement der Leiter und Mitglieder im Rahmen von Standardisierungsgremien (HL7, DIN, CEN, ISO, IHE, &#8230;) verbunden. Auch wirkt sich die Kooperation mit der GMDS-AG \u201eDatenschutz in Gesundheits\u00acinformationssystemen\u201c sowie den EFMI Working Groups \u201eElectronic Health Records\u201c und \u201eSecurity, Safety and Ethics\u201c sehr vorteilhaft aus. Schlie\u00dflich ist die Zusammenarbeit mit der IMIA Working Group \u201eStandards in Health Care Informatics\u201d zu nennen, zu deren Chair der (vorherige) AG-Leiter 2009 berufen wurde. Mit den genannten Organisationen \u2013 und hier insbesondere mit HL7 Deutschland e.V. und IHE Deutschland \u2013 besteht naturgem\u00e4\u00df die intensivste Zusammenarbeit.<\/p>\n<p>Die AG SIE hat sich insbesondere \u00fcber das Interoperabilit\u00e4tsforum an Standardisierungs- und Normierungs\u00acarbeiten beteiligt. Das Forum tagt zu diesem Zweck vier Mal im Jahr an wechselnden Orten. Die Treffen finden immer zweit\u00e4gig alle drei Monate statt. Die Arbeiten dort konzentrieren sich derzeit auf folgende Schwerpunkte:<\/p>\n<ul>\n<li>Implementierungsleitfaden &#8222;Arztbrief 2014&#8220;: Weiterf\u00fchrung der \u00dcberarbeitung der ersten Version (&#8222;VHitG-Arztbrief&#8220;, 2006) auf Basis des aktuellen Stands der Standardisierung. Ber\u00fccksichtigt wurden auch die parallel stattfindenden Ausarbeitungen von ELGA in \u00d6sterreich mit dem Ziel der Erstellung von gemeinsamen Regeln in Form von CDA-Templates als Entwicklungsvorgabe<\/li>\n<li>Erfolgreiche Aktualisierung, Abstimmung und Verabschiedung der deutschen Nachrichtenprofile nach dem Abgleich mit den IHE-Profilen zum Patient Administration Management (IHE ITI PAM), um Inkonsistenzen und Konflikte zu beseitigen. Die deutschen Profile stellen jetzt eine valide Spezialisierung der internationalen IHE-Profile dar<\/li>\n<li>Elektronische Fallakte EFA: Beobachtung und Unterst\u00fctzung der Ausarbeitungen: ein wichtiger Aspekt sind hier die Patienteneinwilligungen zur Nutzung der Akte, hier haben wir im Rahmen der internationalen Standardisierung in der Security Work Group von HL7 mitgearbeitet.<\/li>\n<li>Beteiligung an der Erstellung und Abstimmung des &#8222;IHE Cookbook&#8220;, Mitarbeit durch fachliche Beitr\u00e4ge.<\/li>\n<\/ul>\n<p>An der Satellitenveranstaltung 2013, die im Rahmen der conhIT 2013 in Berlin ausgerichtet wurde, hat sich die GMDS AG SIE diesmal nicht mit einem eigenen Workshop beteiligt.<\/p>\n<p>Zur 58. GMDS-Jahrestagung hat die AG durch einzelne Beitr\u00e4ge zu verschiedenen Sessions und Workshops beigetragen. Der Schwerpunkt lag bei der Beteiligung an einem ganzt\u00e4gigen Workshop zur Entwicklung der Gesundheitstelematikinfrastruktur und ihrer Fachanwendungen.<\/p>\n<p>Auf der gemeinsamen Jahrestagung 2013 von HL7 Deutschland und IHE Deutschland \u201eSchreiben, testen, machen: Standards einfach einfacher\u201c vom 23.-25. Oktober 2013 in G\u00f6ttingen mit \u00fcber 90 Experten aus \u00d6sterreich und Deutschland wurden in Kooperation zwischen der AG \u201eSIE\u201c, HL7 Deutschland und IHE Deutschland Tutorials zu Schwerpunktthemen durchgef\u00fchrt:<\/p>\n<ul>\n<li>HL7 und IHE f\u00fcr Einsteiger (Dr. Kai U. Heitmann)<\/li>\n<li>HL7 und IHE f\u00fcr Aufsteiger (Dr. Frank Oemig)<\/li>\n<li>IHE Connect-a-thon f\u00fcr Einsteiger (Michael Onken, OFFIS)<\/li>\n<li>IHE Cookbook Security (Dr. Georg Heidenreich, Dr. Ralf Brandner)<\/li>\n<li>Terminologien: Snomed und Co. (Prof. Dr. Sylvia Thun)<\/li>\n<li>CDA und Templates: Der Impfpass in 180 Minuten mit ART-DECOR (Dr. Kai U. Heitmann)<\/li>\n<\/ul>\n<p>Dar\u00fcber hinaus gab es noch folgende Aktivit\u00e4ten:<\/p>\n<ul>\n<li>Workshop zu Repr\u00e4sentation von klinischen Konzepten mit Archetypen und CDA (M\u00fcnchen, Januar 2013)<\/li>\n<li>Beteiligung am Interoperabilit\u00e4tsforum (4 Treffen \u00e1 2 Tage im M\u00e4rz, Juni, September und Dezember)<\/li>\n<li>Organisatorische \u00dcbernahme der AG-Leitung (Mailinglisten, Website, Publikationen etc.), Pflege und Aktualisierung der Vernetzung mit anderen GMDS-Arbeitsgruppen.<\/li>\n<\/ul>\n<h3>Geplante Aktivit\u00e4ten f\u00fcr 2014<\/h3>\n<p>Die GMDS-AG \u201eStandards f\u00fcr Interoperabilit\u00e4t und EHR\u201c plant f\u00fcr 2014 folgende Aktivit\u00e4ten:<\/p>\n<ul>\n<li>Beteiligung am Interoperabilit\u00e4tsforum (4 Treffen \u00e1 2 Tage im M\u00e4rz, Juni, September und Dezember): 10.\/11.03.2014 in Berlin, 02.\/03.06.2014 in K\u00f6ln , 09.\/10.10.2014 in Berlin und 18.\/19.12.2014 in K\u00f6ln<\/li>\n<li>Abschluss der IHE ITI PAM Arbeiten mit Anerkennung der deutschen Nachrichtenprofile als g\u00fcltige National Extension, so dass diese zuk\u00fcnftig auf den europ\u00e4ischen Connect-a-thons getestet werden k\u00f6nnen<\/li>\n<li>Realisierung von Tutorials auf der HL7\/IHE Jahrestagung 2014 gemeinsam mit HL7 Deutschland und IHE Deutschland<\/li>\n<li>Tutorial zur Entwicklung von Schnittstellen auf der GMDS Jahrestagung (2*2h)<\/li>\n<li>Fortsetzung der IHE-Cookbook-Arbeiten<\/li>\n<li>Kommentierungsverfahren zur Abstimmung und Verabschiedung der HL7 CDA-Templates f\u00fcr den &#8222;Arztbrief 2014&#8220;<\/li>\n<li>Weiterentwicklung der Einwilligungserkl\u00e4rung (Patient Consent Directive) auf Basis von IHE BPPC in Zusammenarbeit mit HL7, IHE und EFA<\/li>\n<li>Pflege und Aktualisierung der Vernetzung mit anderen GMDS-Arbeitsgruppen.<\/li>\n<\/ul>\n<p>Amtszeit der Arbeitsgruppenleitung und deren Vertretung:<br \/>\n8. September 2012 \u2013 September 2015: Ge\u00dfner, Oemig<\/p>\n","protected":false},"excerpt":{"rendered":"<p>T\u00e4tigkeit vom 1. Januar 2013 bis 31. Dezember 2013 Die GMDS-AG \u201cStandards f\u00fcr Interoperabilit\u00e4t und elektronische Gesundheitsakten\u201d (SIE) stellt sich der Herausforderung, die Standardisierungsaktivit\u00e4ten auf dem Gebiet der Spezifikationen sowie der Architektur- und Designprinzipien zur Sicherung der Interoperabilit\u00e4t von Informationssystemen bzw. System\u00ackom\u00acponenten mit besonderem Augenmerk auf die Kernapplikation von eHealth-Umgebungen, die elektronische Gesundheitsakte oder international [&hellip;]<\/p>\n","protected":false},"author":1,"featured_media":0,"parent":0,"menu_order":0,"comment_status":"open","ping_status":"open","template":"page-templates\/full-width.php","meta":{"footnotes":""},"_links":{"self":[{"href":"https:\/\/www.gmds-ag-sie.de\/index.php?rest_route=\/wp\/v2\/pages\/57"}],"collection":[{"href":"https:\/\/www.gmds-ag-sie.de\/index.php?rest_route=\/wp\/v2\/pages"}],"about":[{"href":"https:\/\/www.gmds-ag-sie.de\/index.php?rest_route=\/wp\/v2\/types\/page"}],"author":[{"embeddable":true,"href":"https:\/\/www.gmds-ag-sie.de\/index.php?rest_route=\/wp\/v2\/users\/1"}],"replies":[{"embeddable":true,"href":"https:\/\/www.gmds-ag-sie.de\/index.php?rest_route=%2Fwp%2Fv2%2Fcomments&post=57"}],"version-history":[{"count":6,"href":"https:\/\/www.gmds-ag-sie.de\/index.php?rest_route=\/wp\/v2\/pages\/57\/revisions"}],"predecessor-version":[{"id":172,"href":"https:\/\/www.gmds-ag-sie.de\/index.php?rest_route=\/wp\/v2\/pages\/57\/revisions\/172"}],"wp:attachment":[{"href":"https:\/\/www.gmds-ag-sie.de\/index.php?rest_route=%2Fwp%2Fv2%2Fmedia&parent=57"}],"curies":[{"name":"wp","href":"https:\/\/api.w.org\/{rel}","templated":true}]}}