{"id":62,"date":"2014-10-20T19:16:41","date_gmt":"2014-10-20T17:16:41","guid":{"rendered":"http:\/\/www.gmds-ag-sie.de\/?page_id=62"},"modified":"2014-10-20T19:16:41","modified_gmt":"2014-10-20T17:16:41","slug":"jahresbericht-012012-122012-2","status":"publish","type":"page","link":"https:\/\/www.gmds-ag-sie.de\/?page_id=62","title":{"rendered":"Jahresbericht 01\/2012 &#8211; 12\/2012"},"content":{"rendered":"<h2><strong>\u00e4tigkeit vom 1. Januar 2012 bis 31. Dezember 2012<\/strong><\/h2>\n<p>Die GMDS-AG \u201cStandards f\u00fcr Interoperabilit\u00e4t und elektronische Gesundheitsakten\u201d (SIE) stellt sich der Herausforderung, die Standardisierungsaktivit\u00e4ten auf dem Gebiet der Spezifikationen sowie der Architektur- und Designprinzipien zur Sicherung der Interoperabilit\u00e4t von Informationssystemen bzw. System\u00adkom\u00adponenten mit besonderem Augenmerk auf die Kernapplikation von eHealth-Umgebungen, die elektronische Gesundheitsakte oder international der Electronic Health Record (EHR) bzw. Personal Health Record (PHR), zu f\u00f6rdern. Ein wichtiges Ziel ist es, den Gegenstand, den Prozess und die Ergebnisse der Standardisierung zu verbreiten und damit zur Akzeptanz und Weiterentwicklung der \u201cStandards f\u00fcr Kommunikation und Interoperabilit\u00e4t\u201d durch Industrie sowie Anwender unter besonderer Ber\u00fccksichtigung des Electronic Health Record beizutragen. Die Aktivit\u00e4ten der AG sind daher eng mit dem Engagement der Leiter und Mitglieder im Rahmen von Standardisierungsgremien (HL7, DIN, CEN, ISO, IHE, &#8230;) verbunden. Auch wirkt sich die Kooperation mit der GMDS-AG \u201eDatenschutz in Gesundheitsinformationssystemen\u201c sowie den EFMI Working Groups \u201eElectronic Health Records\u201c und \u201eSecurity, Safety and Ethics\u201c sehr vorteilhaft aus. Schlie\u00dflich ist die Zusammenarbeit mit der IMIA Working Group \u201eStandards in Health Care Informatics\u201d zu nennen, zu deren Chair der (bisherige) AG-Leiter 2009 berufen wurde. Mit den genannten Organisationen \u2013 und hier insbesondere mit HL7 Deutschland e.V. und IHE Deutschland \u2013 besteht naturgem\u00e4\u00df die intensivste Zusammenarbeit.<\/p>\n<p>&nbsp;<\/p>\n<p>Die AG SIE hat sich insbesondere \u00fcber das Interoperabilit\u00e4tsforum an Standardisierungs- und Normierungs\u00adarbeiten beteiligt. Das Forum tagt zu diesem Zweck vier Mal im Jahr an wechselnden Orten. Die Treffen finden immer zweit\u00e4gig alle drei Monate (M\u00e4rz, Juni, September und Dezember) statt. Die Arbeiten dort konzentrieren sich derzeit auf mehrere Schwerpunkte:<\/p>\n<ul>\n<li>&#8222;Arztbrief 2013&#8220;: \u00dcberarbeitung des &#8222;alten&#8220; Implementierungsleitfadens (&#8222;VHitG-Arztbrief&#8220;) auf Basis der neueren Erkenntnisse sowie der parallel stattfindenden Ausarbeitungen von ELGA in \u00d6sterreich mit dem Ziel der Erstellung von klaren Templates als Entwicklungsvorgabe<\/li>\n<li>Abgleich der deutschen Nachrichtenprofile mit den IHE-Profilen ITI PAM, um Inkonsistenzen und Konflikte zu beseitigen, so dass die deutschen Profile eine g\u00fcltige Spezialisierung (&#8222;National Extension&#8220;) der internationalen Profile von IHE darstellen<\/li>\n<li>Elektronische Fallakte EFA: Beobachtung der Ausarbeitungen, ein wichtiger Aspekt sind hier die Patienteneinwilligungen zur Nutzung der Akte.<\/li>\n<li>Begleitung und des IHE Cookbooks, Mitarbeit durch fachliche Beitr\u00e4ge.<\/li>\n<\/ul>\n<p>&nbsp;<\/p>\n<p>An der Satellitenveranstaltung 2012, die im Rahmen der conhIT 2012 am 9. April 2012 in Berlin ausgerichtet wurde, hat sich die GMDS AG SIE diesmal nicht beteiligt.<\/p>\n<p>&nbsp;<\/p>\n<p>Auf der 57. GMDS-Jahrestagung hat die AG gemeinsam mit IHE-D einen Grundlagenworkshop zu IHE unter Leitung von Stefan-M\u00fcller-Mielitz durchgef\u00fchrt. Auf der Agenda standen folgende Beitr\u00e4ge:<\/p>\n<ul>\n<li>Integrating the Healthcare Enterprise (Bj\u00f6rn Bergh, Ralf Brandner, Daniel Flemming, Georg Heidenreich, Stefan M\u00fcller-Mielitz, Frank Oemig, Sylvia Thun)<\/li>\n<li>IHE Organisation\/Struktur national-international (Georg Heidenreich)<\/li>\n<li>IHE Cookbook: einrichtungs\u00fcbergreifende Bild- und Befundkommunikation (Bj\u00f6rn Bergh, Ralf Brandner)<\/li>\n<li>IHE Profil: Todesursachen\/Birth and Death Certificate (Sylvia Thun)<\/li>\n<li>IHE Profil: Krebsregister\/Cancer Registries (Frank Oemig)<\/li>\n<li>IHE Profil: PCC (Daniel Flemming)<\/li>\n<li>IHE Profil: unerw\u00fcnschte Ereignisse \/Serious Adverse Events (Stefan M\u00fcller-Mielitz)<\/li>\n<\/ul>\n<p>&nbsp;<\/p>\n<p>Anschlie\u00dfend wurde eine Mitgliederversammlung der GMDS-AG SIE durchgef\u00fchrt, da die Leitung neu gew\u00e4hlt werden musste. Bernd Blobel stand f\u00fcr eine neue Kandidatur aufgrund seiner Pensionierung nicht zur Verf\u00fcgung. Ihm ist als langj\u00e4hriger Leiter der AG SIE unser ganz besonderer Dank auszusprechen.<\/p>\n<p>Als neuer Leiter wurde hier Christof Ge\u00dfner (Berlin) gew\u00e4hlt, der von Frank Oemig (M\u00fclheim) als Stellvertreter unterst\u00fctzt wird.<\/p>\n<p>&nbsp;<\/p>\n<p>Auf der gemeinsamen Jahrestagung 2012 von HL7 Deutschland und IHE Deutschland \u201eStandards: zwischen Traum und Wirklichkeit\u201c vom 24.-26. Oktober 2012 in G\u00f6ttingen mit 75 Teilnehmern aus \u00d6sterreich und Deutschland wurden in Kooperation zwischen der AG \u201eSIE\u201c, HL7 Deutschland und IHE Deutschland Tutorials zu den Themen \u201eIHE PAM, PIX und PDQ\u201c und \u201eIHE \u2013 eine allgemeine Einf\u00fchrung\u201c durchgef\u00fchrt.<\/p>\n<p>&nbsp;<\/p>\n<h3><strong>Geplante Aktivit\u00e4ten 2013<\/strong><\/h3>\n<p>Die GMDS-AG \u201eStandards f\u00fcr Interoperabilit\u00e4t und elektronische Gesundheitsakten\u201c plant f\u00fcr 2013 folgende Aktivit\u00e4ten:<\/p>\n<ul>\n<li>Workshop zu Repr\u00e4sentation von klinischen Konzepten mit Archetypen und CDA (Ge\u00dfner, Demski, Feb.2013)<\/li>\n<li>Beteiligung am Interoperabilit\u00e4tsforum (4 Treffen \u00e1 2 Tage im M\u00e4rz, Juni, September und Dezember)<\/li>\n<li>auf der HL7\/IHE Jahrestagung 2013 gemeinsam mit HL7 Deutschland und IHE Deutschland Tutorials realisieren.<\/li>\n<li>Organisatorische \u00dcbernahme der AG-Leitung (Mailinglisten, Website, Publikationen etc.), Pflege und Aktualisierung der Vernetzung mit anderen GMDS-Arbeitsgruppen.<\/li>\n<\/ul>\n<p>&nbsp;<\/p>\n<h3><strong>Amtszeit der Arbeitsgruppenleitung und deren Vertretung:<\/strong><\/h3>\n<ol start=\"8\">\n<li>September 2009 \u2013 7. September 2012: Blobel, Garde, Thun, Oemig<\/li>\n<li>September 2012 \u2013 September 2015: Ge\u00dfner, Oemig<\/li>\n<\/ol>\n<p><em>\u00a0<\/em><\/p>\n","protected":false},"excerpt":{"rendered":"<p>\u00e4tigkeit vom 1. Januar 2012 bis 31. Dezember 2012 Die GMDS-AG \u201cStandards f\u00fcr Interoperabilit\u00e4t und elektronische Gesundheitsakten\u201d (SIE) stellt sich der Herausforderung, die Standardisierungsaktivit\u00e4ten auf dem Gebiet der Spezifikationen sowie der Architektur- und Designprinzipien zur Sicherung der Interoperabilit\u00e4t von Informationssystemen bzw. System\u00adkom\u00adponenten mit besonderem Augenmerk auf die Kernapplikation von eHealth-Umgebungen, die elektronische Gesundheitsakte oder international [&hellip;]<\/p>\n","protected":false},"author":1,"featured_media":0,"parent":0,"menu_order":0,"comment_status":"open","ping_status":"open","template":"","meta":{"footnotes":""},"_links":{"self":[{"href":"https:\/\/www.gmds-ag-sie.de\/index.php?rest_route=\/wp\/v2\/pages\/62"}],"collection":[{"href":"https:\/\/www.gmds-ag-sie.de\/index.php?rest_route=\/wp\/v2\/pages"}],"about":[{"href":"https:\/\/www.gmds-ag-sie.de\/index.php?rest_route=\/wp\/v2\/types\/page"}],"author":[{"embeddable":true,"href":"https:\/\/www.gmds-ag-sie.de\/index.php?rest_route=\/wp\/v2\/users\/1"}],"replies":[{"embeddable":true,"href":"https:\/\/www.gmds-ag-sie.de\/index.php?rest_route=%2Fwp%2Fv2%2Fcomments&post=62"}],"version-history":[{"count":1,"href":"https:\/\/www.gmds-ag-sie.de\/index.php?rest_route=\/wp\/v2\/pages\/62\/revisions"}],"predecessor-version":[{"id":65,"href":"https:\/\/www.gmds-ag-sie.de\/index.php?rest_route=\/wp\/v2\/pages\/62\/revisions\/65"}],"wp:attachment":[{"href":"https:\/\/www.gmds-ag-sie.de\/index.php?rest_route=%2Fwp%2Fv2%2Fmedia&parent=62"}],"curies":[{"name":"wp","href":"https:\/\/api.w.org\/{rel}","templated":true}]}}