{"id":72,"date":"2014-10-20T19:26:16","date_gmt":"2014-10-20T17:26:16","guid":{"rendered":"http:\/\/www.gmds-ag-sie.de\/?page_id=72"},"modified":"2014-10-20T19:26:16","modified_gmt":"2014-10-20T17:26:16","slug":"jahresbericht-012009-022010","status":"publish","type":"page","link":"https:\/\/www.gmds-ag-sie.de\/?page_id=72","title":{"rendered":"Jahresbericht 01\/2009 \u2013 02\/2010"},"content":{"rendered":"<div class=\"entry-content\">\n<div class=\"post-bodycopy clearfix\">\n<h2><strong><em>T\u00e4tigkeiten vom 1. Januar 2009 bis 28. Februar 2010<\/em><\/strong><\/h2>\n<p>Die GMDS-AG \u201cStandards f\u00fcr Interoperabilit\u00e4t und elektronische Gesundheitsakten\u201d (SIE) stellt sich der Herausforderung, die Standardisierungsaktivit\u00e4ten auf dem Gebiet der Spezifikationen sowie der Architektur- und Designprinzipien zur Sicherung der Interoperabilit\u00e4t von Informationssystemen bzw. Systemkomponenten mit besonderem Augenmerk auf die Kernapplikation von eHealth-Umgebungen, die elektronische Gesundheitsakte oder international der Electronic Health Record (EHR) bzw. Personal Health Record (PHR), zu f\u00f6rdern. Ein wichtiges Ziel ist es, den Gegenstand, den Prozess und die Ergebnisse der Standardisierung zu verbreiten und damit zur Akzeptanz und Weiterentwicklung der \u201cStandards f\u00fcr Kommunikation und Interoperabilit\u00e4t\u201d durch Industrie sowie Anwender unter besonderer Ber\u00fccksichtigung des Electronic Health Record beizutragen. Die Aktivit\u00e4ten der AG sind eng mit dem Engagement der Leiter und Mitglieder im Rahmen von Standardisierungsgremien (HL7, DIN, CEN, ISO, \u2026) verbunden. Auch wirkt sich die Kooperation mit der GMDS-AG \u201eDatenschutz in Gesundheitsinformationssystemen\u201c sowie den EFMI Working Groups \u201eElectronic Health Records\u201c und \u201eSecurity, Safety and Ethics\u201c sehr vorteilhaft aus. Mit den genannten Organisationen \u2013 und hier insbesondere mit der HL7-Benutzergruppe in Deutschland e.V. \u2013 besteht naturgem\u00e4\u00df die intensivste Zusammenarbeit.<\/p>\n<p>Auf der 54. Jahrestagung der Deutschen Gesellschaft f\u00fcr Medizinische Informatik, Biometrie und Epidemiologie (GMDS) e.V. vom 7.-10.9.2009 in Essen wurde durch die GMDS AG \u201cSIE\u201d in Kooperation mit der GMDS AG \u201cStandardisierte Terminologien in der Medizin\u201d und der HL7-Benutzergruppe in Deutschland e.V. ein sehr erfolgreicher Workshop zum Thema \u201cSemantische Interoperabilit\u00e4t durch ontologiegetriebene EHR-Architekturen\u201d realisiert. Die verschiedenen Beitr\u00e4ge des Workshops sind in: J\u00f6ckel K-H (Hrsg.) Spitzenmedizin und Menschlichkeit \u2013 Krankheit behandeln und Gesundheit f\u00f6rdern. 54. Jahrestagung der Deutschen Gesellschaft f\u00fcr Medizinische Informatik, Biometrie und Epidemiologie (GMDS) e.V. Essen, 7.-10.9.2009, publiziert<\/p>\n<p>Auf der im Rahmen der Jahrestagung in Kooperation mit der Projektgruppe \u201copenEHR \u2013 Archetypen als Basis f\u00fcr semantisch interoperable elektronische Gesundheitsakten\u201d durchgef\u00fchrten Mitgliederversammlung schied Dr. Kai Heitmann nach vielen Jahren erfolgreicher Arbeit aus der Leitung der GMDS AG \u201cSIE\u201d aus. Dr. Sebastian Garde (D\u00fcsseldorf) (1. Stellvertreter), Dr. Sylvia Thun (K\u00f6ln) und Frank Oemig (M\u00fclheim) wurden zu Stellvertretenden Leitern der Arbeitsgruppe gew\u00e4hlt. Zugleich beschlossen, dass die Aktivit\u00e4ten der Projektgruppe in die der GMDS-AG \u201cSIE\u201d aufgehen.<\/p>\n<h3><strong>Geplante Aktivit\u00e4ten 2010<\/strong><\/h3>\n<p>Die GMDS-AG \u201eStandards f\u00fcr Interoperabilit\u00e4t und elektronische Gesundheitsakten\u201c wird<\/p>\n<ul>\n<li>auf der in Verbindung mit der conHIT 2010 durchgef\u00fchrten KIS-Tagung gemeinsam mit HL7 Deutschland, IHE Deutschland und dem DIN einen Workshop zum Thema \u201eStandards f\u00fcr Interoperabilit\u00e4t \u2013 L\u00f6sungen, Probleme, Ausblick\u201c durchf\u00fchren<\/li>\n<li>auf der HL7 Jahrestagung 2010 ein Tutorial und<\/li>\n<li>in Kooperation mit der GMDS-AG \u201eDatenschutz in Gesundheitsinformationssystemen\u201c auf der GMDS-Jahrestagung 2010 sowohl ein Tutorium als auch einen Workshop anbieten.<\/li>\n<\/ul>\n<p>Bernd Blobel, Regensburg, im Februar 2010<\/p>\n<p>(Leiter der GMDS-Arbeitsgruppe \u201eStandards f\u00fcr Interoperabilit\u00e4t und elektronische Gesundheitsakten\u201c (vormals \u201eStandards f\u00fcr Kommunikation und Interoperabilit\u00e4t\u201c) seit 2000)<\/p>\n<\/div>\n<\/div>\n","protected":false},"excerpt":{"rendered":"<p>T\u00e4tigkeiten vom 1. Januar 2009 bis 28. Februar 2010 Die GMDS-AG \u201cStandards f\u00fcr Interoperabilit\u00e4t und elektronische Gesundheitsakten\u201d (SIE) stellt sich der Herausforderung, die Standardisierungsaktivit\u00e4ten auf dem Gebiet der Spezifikationen sowie der Architektur- und Designprinzipien zur Sicherung der Interoperabilit\u00e4t von Informationssystemen bzw. Systemkomponenten mit besonderem Augenmerk auf die Kernapplikation von eHealth-Umgebungen, die elektronische Gesundheitsakte oder international [&hellip;]<\/p>\n","protected":false},"author":1,"featured_media":0,"parent":0,"menu_order":0,"comment_status":"open","ping_status":"open","template":"","meta":{"footnotes":""},"_links":{"self":[{"href":"https:\/\/www.gmds-ag-sie.de\/index.php?rest_route=\/wp\/v2\/pages\/72"}],"collection":[{"href":"https:\/\/www.gmds-ag-sie.de\/index.php?rest_route=\/wp\/v2\/pages"}],"about":[{"href":"https:\/\/www.gmds-ag-sie.de\/index.php?rest_route=\/wp\/v2\/types\/page"}],"author":[{"embeddable":true,"href":"https:\/\/www.gmds-ag-sie.de\/index.php?rest_route=\/wp\/v2\/users\/1"}],"replies":[{"embeddable":true,"href":"https:\/\/www.gmds-ag-sie.de\/index.php?rest_route=%2Fwp%2Fv2%2Fcomments&post=72"}],"version-history":[{"count":1,"href":"https:\/\/www.gmds-ag-sie.de\/index.php?rest_route=\/wp\/v2\/pages\/72\/revisions"}],"predecessor-version":[{"id":75,"href":"https:\/\/www.gmds-ag-sie.de\/index.php?rest_route=\/wp\/v2\/pages\/72\/revisions\/75"}],"wp:attachment":[{"href":"https:\/\/www.gmds-ag-sie.de\/index.php?rest_route=%2Fwp%2Fv2%2Fmedia&parent=72"}],"curies":[{"name":"wp","href":"https:\/\/api.w.org\/{rel}","templated":true}]}}