{"id":76,"date":"2014-10-20T19:26:50","date_gmt":"2014-10-20T17:26:50","guid":{"rendered":"http:\/\/www.gmds-ag-sie.de\/?page_id=76"},"modified":"2014-10-20T19:26:50","modified_gmt":"2014-10-20T17:26:50","slug":"jahresbericht-072007-122008","status":"publish","type":"page","link":"https:\/\/www.gmds-ag-sie.de\/?page_id=76","title":{"rendered":"Jahresbericht 07\/2007 \u2013 12\/2008"},"content":{"rendered":"<div class=\"entry-content\">\n<div class=\"post-bodycopy clearfix\">\n<h2><strong><em>T\u00e4tigkeiten vom 1. Juli 2007 bis 31. Dez. 2008<\/em><\/strong><\/h2>\n<p>Laut Satzung stellt sich die GMDS-AG \u201cStandards f\u00fcr Kommunikation und Interoperabilit\u00e4t\u201d der Herausforderung, die Standardisierungsaktivit\u00e4ten auf dem Gebiet der Spezifikationen sowie der Architektur- und Designprinzipien zur Sicherung der Interoperabilit\u00e4t von Informationssystemen bzw. Systemkomponenten zu f\u00f6rdern. In diesem Kontext sind Weiterentwicklungen bei den Kommunikations- und Architekturstandards mit dem Ziel semantischer Interoperabilit\u00e4t \u2013 kurz Interoperabilit\u00e4tsstandards genannt \u2013 zu begleiten und zu unterst\u00fctzen. Ein wichtiges Ziel ist es, den Gegenstand, den Prozess und die Ergebnisse der Standardisierung zu verbreiten und damit zur Akzeptanz und Weiterentwicklung der \u201cStandards f\u00fcr Kommunikation und Interoperabilit\u00e4t\u201d durch Industrie sowie Anwender unter besonderer Ber\u00fccksichtigung des Electronic Health Record beizutragen. Die Aktivit\u00e4ten der AG sind eng mit dem Engagement der Leiter und Mitglieder im Rahmen von Standardisierungsgremien (HL7, DIN, CEN, ISO, \u2026) verbunden. Auch wirkt sich die Kooperation mit der GMDS-AG \u201eDatenschutz in Gesundheitsinformationssystemen\u201c sowie den EFMI Working Groups \u201eElectronic Health Records\u201c und \u201eSecurity, Safety and Ethics\u201c sehr vorteilhaft aus. Mit den genannten Organisationen \u2013 und hier insbesondere mit der HL7-Benutzergruppe in Deutschland e.V. \u2013 besteht naturgem\u00e4\u00df die intensivste Zusammenarbeit.<\/p>\n<p><strong>Aufgrund der Bedeutung der Kernapplikation EHR f\u00fcr die standardisierte, semantisch-interoperable Gesundheitsinformationssysteme und der Reflektion dieser Tatsache in der Definition von Mission und Scope der AG seit 2000 wurde die Umbenennung der AG in GMDS AG \u201eStandards f\u00fcr Interoperabilit\u00e4t und elektronische Gesundheitsakten (EHR)\u201c (abgek\u00fcrzt SIE) beantragt und im Oktober 2007 genehmigt.<\/strong><\/p>\n<p>Auf der GMDS-Jahrestagung in Verbindung mit dem Kongress Medizin und Gesellschaft 2007, 17.-21. September 2007 in Augsburg wurde eine Reihe von Vortr\u00e4gen von AG-Mitgliedern platziert.<\/p>\n<p>Die GMDS-AG \u201eStandards f\u00fcr Interoperabilit\u00e4t und elektronische Gesundheitsakten \u2013 SIE\u201c f\u00fchrte im Berichtszeitraum in Kooperation mit der GMDS-AG \u201eDatenschutz in Gesundheitsinformationssystemen \u2013 DGI\u201c folgende Veranstaltungen durch:<\/p>\n<ul>\n<li>Workshop anl\u00e4sslich der 12. Fachtagung \u201ePraxis der Informationsverarbeitung in Krankenhaus und Versorgungsnetzen (KIS 2007)\u201c, 20.-22. Juni 2007 im Heinrich-Pesch-Haus in Ludwigshafen, zum Thema \u201eSicheres und nachhaltiges eHealth\u201c;<\/li>\n<li>Workshop im Rahmen der 52. Jahrestagung der GMDS \u201ePr\u00e4vention und Versorgung \u2014 innovativ \u2013 qualit\u00e4tsgesichert \u2013 sozial\u201c, 17.-20. September 2007 in Augsburg, in Kooperation mit dem EU-Projekt \u201eBioHealth\u201c unter dem Titel \u201eID Management in Anwendungen des Gesundheitswesens\u201c;<\/li>\n<li>Workshop anl\u00e4sslich der 13. Fachtagung \u201ePraxis der Informationsverarbeitung in Krankenhaus und Versorgungsnetzen (KIS 2008)\u201c, 20.-22. Februar 2008 im Kongresszentrum Westfalenhalle in Dortmund, in Kooperation mit der GMDS-Arbeitsgruppe \u201eMobile Informationstechnologie in der Medizin zum Thema \u201eMobile Ger\u00e4te und EHR\u201c.<\/li>\n<\/ul>\n<p>Anl\u00e4sslich der HL7-Jahrestagung vom 29.-31. Oktober 2007 in G\u00f6ttingen wurde ein gemeinsames Tutorium der GMDS AG \u201eStandards f\u00fcr Interoperabilit\u00e4t und elektronische Gesundheitsakten\u201c und der HL7-Benutzergruppe in Deutschland e.V. zum Thema \u201eNeueste Entwicklungen zum Electronic Health Record\u201c mit sehr gro\u00dfem Erfolg durchgef\u00fchrt.<\/p>\n<p>Auf der diesj\u00e4hrigen HL7-Jahrestagung, der 15. in der Geschichte der HL7-Benutzergruppe in Deutschland e.V., die vom 20.-22. Oktober 2008 traditionell in G\u00f6ttingen stattgefunden hatte, wurde erstmals ein Tutorium zum EHR unter massiver Referenz biomedizinischer Fragestellungen organisiert. Das in Kooperation zwischen der HL7-Benutzergruppe und der GMDS-AG von Bernd Blobel und Thomas Norgall gemeinsam realisierte und wiederum sehr gut angenommene Tutorial behandelte den k\u00fcnftig bedeutsamer werdenden Aspekt \u201eEHR und PHR als Tools f\u00fcr Personal Health\u201c.<\/p>\n<p>Die GMDS-AG SIE engagierte sich in enger Abstimmung mit der GMDS-AG DGI, den EFMI Working Groups \u201eEHR\u201c, \u201eSecurity, Safety and Ethics\u201c und \u201eCards\u201c sowie der HL7-Benutzergruppe in Deutschland e.V. bei der Vorbereitung und Durchf\u00fchrung der internationalen Tagung \u201ceHealth: Combining Health Telematics, Telemedicine, Biomedical Engineering and Bioinformatics to the Edge\u201d, vom 2.-5. Dezember 2007 in Regensburg. Die Ergebnisse wurden in Blobel B, Pharow P, Nerlich M (Edrs.): eHealth: Combining Health Telematics, Telemedicine, Biomedical Engineering and Bioinformatics to the Edge \u2013 Global Experts Summit Textbook. Series \u201cStudies in Health Technology and Informatics\u201d, Vol. 134. IOS Press, Amsterdam, Berlin, New York, Tokyo 2008, sowie in B.Blobel, P.Pharow, J.Zvarova, D.M. Lopez (Edrs.): eHealth: Combining Health Telematics, Telemedicine, Biomedical Engineering and Bioinformatics to the Edge \u2013 CeHR Conference Proceedings 2007. IOS Press, Amsterdam, and AKA GmbH, Berlin, 2008, publiziert.<\/p>\n<p>Dar\u00fcber hinaus hielten Mitglieder der AG im Berichtszeitraum an verschiedenen Einrichtungen im In- und Ausland sowie auf Tagungen Vortr\u00e4ge zum Gegenstand der GMDS-Arbeitsgruppe und engagierten sich in verschiedenen Workshops anderer Organisationen.<\/p>\n<p>Die Inhalte und Ergebnisse der Arbeit der GMDS-AG fanden in zahlreichen nationalen und internationalen Publikation ihren Niederschlag.<\/p>\n<h3><strong>Vorgesehene Aktivit\u00e4ten 2007\/2008<\/strong><\/h3>\n<p>Die GMDS-AG \u201eStandards f\u00fcr Interoperabilit\u00e4t und elektronische Gesundheitsakten\u201c wird<\/p>\n<ul>\n<li>auf der in Verbindung mit der conHIT 2009 durchgef\u00fchrten KIS-Tagung einen Workshop durchf\u00fchren und<\/li>\n<li>in Kooperation mit der GMDS-AG \u201eDatenschutz in Gesundheitsinformationssystemen\u201c auf der GMDS-Jahrestagung 2009 sowohl ein Tutorium als auch einen Workshop anbieten.<\/li>\n<\/ul>\n<\/div>\n<\/div>\n","protected":false},"excerpt":{"rendered":"<p>T\u00e4tigkeiten vom 1. Juli 2007 bis 31. Dez. 2008 Laut Satzung stellt sich die GMDS-AG \u201cStandards f\u00fcr Kommunikation und Interoperabilit\u00e4t\u201d der Herausforderung, die Standardisierungsaktivit\u00e4ten auf dem Gebiet der Spezifikationen sowie der Architektur- und Designprinzipien zur Sicherung der Interoperabilit\u00e4t von Informationssystemen bzw. Systemkomponenten zu f\u00f6rdern. In diesem Kontext sind Weiterentwicklungen bei den Kommunikations- und Architekturstandards mit [&hellip;]<\/p>\n","protected":false},"author":1,"featured_media":0,"parent":0,"menu_order":0,"comment_status":"open","ping_status":"open","template":"","meta":{"footnotes":""},"_links":{"self":[{"href":"https:\/\/www.gmds-ag-sie.de\/index.php?rest_route=\/wp\/v2\/pages\/76"}],"collection":[{"href":"https:\/\/www.gmds-ag-sie.de\/index.php?rest_route=\/wp\/v2\/pages"}],"about":[{"href":"https:\/\/www.gmds-ag-sie.de\/index.php?rest_route=\/wp\/v2\/types\/page"}],"author":[{"embeddable":true,"href":"https:\/\/www.gmds-ag-sie.de\/index.php?rest_route=\/wp\/v2\/users\/1"}],"replies":[{"embeddable":true,"href":"https:\/\/www.gmds-ag-sie.de\/index.php?rest_route=%2Fwp%2Fv2%2Fcomments&post=76"}],"version-history":[{"count":1,"href":"https:\/\/www.gmds-ag-sie.de\/index.php?rest_route=\/wp\/v2\/pages\/76\/revisions"}],"predecessor-version":[{"id":79,"href":"https:\/\/www.gmds-ag-sie.de\/index.php?rest_route=\/wp\/v2\/pages\/76\/revisions\/79"}],"wp:attachment":[{"href":"https:\/\/www.gmds-ag-sie.de\/index.php?rest_route=%2Fwp%2Fv2%2Fmedia&parent=76"}],"curies":[{"name":"wp","href":"https:\/\/api.w.org\/{rel}","templated":true}]}}