{"id":80,"date":"2014-10-20T19:27:20","date_gmt":"2014-10-20T17:27:20","guid":{"rendered":"http:\/\/www.gmds-ag-sie.de\/?page_id=80"},"modified":"2014-10-20T19:27:20","modified_gmt":"2014-10-20T17:27:20","slug":"jahresbericht-072006-062007","status":"publish","type":"page","link":"https:\/\/www.gmds-ag-sie.de\/?page_id=80","title":{"rendered":"Jahresbericht 07\/2006 \u2013 06\/2007"},"content":{"rendered":"<div class=\"entry-content\">\n<div class=\"post-bodycopy clearfix\">\n<h2><strong><em>T\u00e4tigkeiten vom 1. Juli 2006 bis 30. Juni 2007<\/em><\/strong><\/h2>\n<p>Laut Satzung stellt sich die GMDS-AG \u201cStandards f\u00fcr Kommunikation und Interoperabilit\u00e4t\u201d der Herausforderung, die Standardisierungsaktivit\u00e4ten auf dem Gebiet der Spezifikationen, Architektur- und Designprinzipien zur Sicherung der Interoperabilit\u00e4t von Informationssystemen bzw. Systemkomponenten zu f\u00f6rdern. In diesem Kontext sind Weiterentwicklungen bei den Kommunikations- und Architekturstandards mit dem Ziel semantischer Interoperabilit\u00e4t \u2013 kurz Interoperabilit\u00e4tsstandards genannt \u2013 zu begleiten und zu unterst\u00fctzen. Ein wichtiges Ziel ist es, den Gegenstand, den Prozess und die Ergebnisse der Standardisierung zu verbreiten und damit zur Akzeptanz und Weiterentwicklung der \u201cStandards f\u00fcr Kommunikation und Interoperabilit\u00e4t\u201d durch Industrie sowie Anwender unter besonderer Ber\u00fccksichtigung des Electronic Health Record beizutragen. Die Aktivit\u00e4ten der AG sind eng mit dem Engagement der Leiter und Mitglieder im Rahmen von Standardisierungsgremien (HL7, DIN, CEN, ISO, \u2026) verbunden. Auch wirkt sich die Kooperation mit den EFMI Working Groups \u201cElectronic Health Records\u201d und \u201cSecurity, Safety and Ethics\u201d sehr vorteilhaft aus. Mit den genannten Organisationen \u2013 und hier insbesondere mit der HL7-Benutzergruppe in Deutschland e.V. \u2013 besteht naturgem\u00e4\u00df die intensivste Zusammenarbeit.<\/p>\n<p><strong>Aufgrund der Bedeutung der Kernapplikation EHR f\u00fcr die standardisierte, semantisch-interoperable Gesundheitsinformationssysteme wurde die Umbenennung der AG in GMDS-AG \u201cStandards f\u00fcr Interoperabilit\u00e4t und die elektronische Gesundheitsakte (EHR)\u201d (abgek\u00fcrzt SIE) beantragt.<\/strong><\/p>\n<p><em>Anmerkung: Auf der Beiratssitzung der GMDS am 16. September 2007 in Augsburg wurde die Umbenennung der AG in GMDS-AG \u201cStandards f\u00fcr Interoperabilit\u00e4t und elektronische Gesundheitsakten\u201d (abgek\u00fcrzt GMDS-AG SIE) beschlossen.<\/em><\/p>\n<p>Auf der GMDS-Jahrestagung 2006 vom 10.-14. September 2006 in Leipzig wurde ein Workshop der GMDS-Arbeitsgruppe \u201cStandards f\u00fcr Kommunikation und Interoperabilit\u00e4t\u201d in Kooperation mit der GMDS-Arbeitsgruppe \u201cDatenschutz in Gesundheitsinformationssystemen\u201d und dem EU-Projekt \u201cBioHealth \u2013 Datenschutz und Datensicherheit in Anwendungen des Gesundheitswesens\u201d veranstaltet.<\/p>\n<p>Anl\u00e4sslich der HL7-Jahrestagung vom 25.-27. Oktober 2006 in G\u00f6ttingen wurde ein gemeinsames Tutorium der GMDS AG \u201cStandards f\u00fcr Kommunikation und Interoperabilit\u00e4t\u201d und der HL7-Benutzergruppe in Deutschland e.V. zum Thema \u201cNeueste Entwicklungen zum Electronic Health Record\u201d mit sehr gro\u00dfem Erfolg durchgef\u00fchrt.<\/p>\n<p>Im KIS-Workshop anl\u00e4sslich der eHealth Week 2007 im April in Berlin stellte sich die GMDS AG mit einem Beitrag zum Thema \u201cIT Support for a Patient-Oriented Care\u201d vor.<\/p>\n<p>Im Rahmen der 12. Fachtagung \u201cPraxis der Informationsverarbeitung in Krankenhaus und Versorgungsnetzen (KIS-Tagung), die vom 20.-22. Juni 2007 in Ludwigshafen veranstaltet wird, realisiert die GMDS-AG \u201cStandards f\u00fcr Kommunikation und Interoperabilit\u00e4t\u201d gemeinsam mit der GMDS-AG \u201cDatenschutz in Gesundheitsinformationssystemen\u201d und der HL7-Benutzergruppe in Deutschland e.V. einen Workshop zum Thema \u201cSicheres und nachhaltiges eHealth\u201d. Die Themen sind u.a.:<\/p>\n<ul>\n<li>Rechtliche und ethische Aspekte f\u00fcr ein sicheres und nachhaltiges eHealth<\/li>\n<li>Patientensicherheit und Risikomanagement f\u00fcr IKT-Netze in Krankenh\u00e4usern<\/li>\n<li>Innovative Merkmale des HBA zur datenschutzgerechten Steuerung von Zugriffsrechten<\/li>\n<li>Mobile Dienste im Gesundheitswesen und deren spezielle Sicherheitsanforderungen<\/li>\n<li>HL7\/Sciphox Spezifikationen in Kooperation mit VHitG und KBV f\u00fcr die deutsche eHealth-Plattform<\/li>\n<li>KI-Prinzipien und -L\u00f6sungen f\u00fcr semantische Interoperabilit\u00e4t in eHealth<\/li>\n<li>Neue ontologiebasierte Produkte zur Unterst\u00fctzung semantischer Interoperabilit\u00e4t<\/li>\n<li>Erfordernisse, Stand und Perspektiven der eHealth-Standardisierung<\/li>\n<\/ul>\n<p>Auch in diesem Jahr engagiert sich die GMDS-AG bei der ICMCC. Der von der EFMI Working Group \u201cElektronic Health Records\u201d und \u201cSecurity, Safety and Ethics\u201d in Verantwortung des Berichterstatters organisierte Workshops zum Thema \u201cThe Paradigm Change Challenge towards Personal Health\u201d ist wesentlicher Teil des Programms der ICMCC 2007. Die Ergebnisse dieser vom 8.-10. Juni 2007 in Amsterdam stattfindenden Veranstaltung werden in der Reihe \u201cSeries on Health Technology and Informatics\u201d des IOS Press, Amsterdam, ver\u00f6ffentlicht.<\/p>\n<p>Dar\u00fcber hinaus hielten Mitglieder der AG im Berichtszeitraum an verschiedenen Einrichtungen im In- und Ausland sowie auf Tagungen Vortr\u00e4ge zum Gegenstand der GMDS-Arbeitsgruppe und engagierten sich in verschiedenen Workshops anderer Organisationen.<br \/>\nDie Inhalte und Ergebnisse der Arbeit der GMDS-AG fanden in zahlreichen nationalen und internationalen Publikation ihren Niederschlag.<\/p>\n<h3><em>Vorgesehene Aktivit\u00e4ten 2007\/2008<\/em><\/h3>\n<p>Neben anderen Aktivit\u00e4ten wird auch auf der diesj\u00e4hrigen Jahrestagung der HL7-benutzergruppe in Deutschland e.V. Ende Oktober ein Tutorial zu den interessantesten Entwicklung auf dem Gebiet adaptiver EHR-Systeme durchgef\u00fchrt werden.<\/p>\n<\/div>\n<\/div>\n","protected":false},"excerpt":{"rendered":"<p>T\u00e4tigkeiten vom 1. Juli 2006 bis 30. Juni 2007 Laut Satzung stellt sich die GMDS-AG \u201cStandards f\u00fcr Kommunikation und Interoperabilit\u00e4t\u201d der Herausforderung, die Standardisierungsaktivit\u00e4ten auf dem Gebiet der Spezifikationen, Architektur- und Designprinzipien zur Sicherung der Interoperabilit\u00e4t von Informationssystemen bzw. Systemkomponenten zu f\u00f6rdern. In diesem Kontext sind Weiterentwicklungen bei den Kommunikations- und Architekturstandards mit dem Ziel [&hellip;]<\/p>\n","protected":false},"author":1,"featured_media":0,"parent":0,"menu_order":0,"comment_status":"open","ping_status":"open","template":"","meta":{"footnotes":""},"_links":{"self":[{"href":"https:\/\/www.gmds-ag-sie.de\/index.php?rest_route=\/wp\/v2\/pages\/80"}],"collection":[{"href":"https:\/\/www.gmds-ag-sie.de\/index.php?rest_route=\/wp\/v2\/pages"}],"about":[{"href":"https:\/\/www.gmds-ag-sie.de\/index.php?rest_route=\/wp\/v2\/types\/page"}],"author":[{"embeddable":true,"href":"https:\/\/www.gmds-ag-sie.de\/index.php?rest_route=\/wp\/v2\/users\/1"}],"replies":[{"embeddable":true,"href":"https:\/\/www.gmds-ag-sie.de\/index.php?rest_route=%2Fwp%2Fv2%2Fcomments&post=80"}],"version-history":[{"count":1,"href":"https:\/\/www.gmds-ag-sie.de\/index.php?rest_route=\/wp\/v2\/pages\/80\/revisions"}],"predecessor-version":[{"id":83,"href":"https:\/\/www.gmds-ag-sie.de\/index.php?rest_route=\/wp\/v2\/pages\/80\/revisions\/83"}],"wp:attachment":[{"href":"https:\/\/www.gmds-ag-sie.de\/index.php?rest_route=%2Fwp%2Fv2%2Fmedia&parent=80"}],"curies":[{"name":"wp","href":"https:\/\/api.w.org\/{rel}","templated":true}]}}