{"id":84,"date":"2014-10-20T19:27:45","date_gmt":"2014-10-20T17:27:45","guid":{"rendered":"http:\/\/www.gmds-ag-sie.de\/?page_id=84"},"modified":"2014-10-20T19:27:45","modified_gmt":"2014-10-20T17:27:45","slug":"jahresbericht-072005-062006","status":"publish","type":"page","link":"https:\/\/www.gmds-ag-sie.de\/?page_id=84","title":{"rendered":"Jahresbericht 07\/2005 \u2013 06\/2006"},"content":{"rendered":"<div class=\"entry-content\">\n<div class=\"post-bodycopy clearfix\">\n<h2><strong><em>T\u00e4tigkeiten vom 1. Juli 2005 bis 30. Juni 2006<\/em><\/strong><\/h2>\n<p>Laut Satzung stellt sich die GMDS-AG \u201cStandards f\u00fcr Kommunikation und Interoperabilit\u00e4t\u201d der Herausforderung, die Standardisierungsaktivit\u00e4ten auf dem Gebiet der Spezifikationen, Architektur- und Designprinzipien zur Sicherung der Interoperabilit\u00e4t von Informationssystemen bzw. Systemkomponenten zu f\u00f6rdern. In diesem Kontext sind Weiterentwicklungen bei den Kommunikationsstandards zu begleiten und zu unterst\u00fctzen. Ein wichtiges Ziel ist es, den Gegenstand, den Prozess und die Ergebnisse der Standardisierung zu verbreiten und damit zur Akzeptanz und Weiterentwicklung der \u201cStandards f\u00fcr Kommunikation und Interoperabilit\u00e4t\u201d unter besonderer Ber\u00fccksichtigung des Electronic Health Record durch Industrie sowie Anwender beizutragen. Die Aktivit\u00e4ten der AG sind eng mit dem Engagement der Leiter und Mitglieder im Rahmen von Standardisierungsgremien (HL7, DIN, CEN, ISO, \u2026) verbunden. Mit diesen Organisationen \u2013 und hier insbesondere mit der HL7-Benutzergruppe in Deutschland e.V. \u2013 besteht naturgem\u00e4\u00df die intensivste Zusammenarbeit.<br \/>\nIm Berichtszeitraum konnte die AG die Verbindung zum VHitG wieder formal etablieren sowie die Verbindung zum Industrieverband BITKOM neu aufbauen. Im Kontext der letzteren Aktivit\u00e4t hielt der Berichterstatter verschiedene Vortr\u00e4ge zum Gegenstand der AG auf BITKOM-Veranstaltungen. In vier weiteren nationalen Veranstaltungen wurden vom Chair eingeladene Vortr\u00e4ge vor Vertretern der h\u00f6heren Administration (Bund und L\u00e4nder), des Gesundheitswesens, der Kostentr\u00e4ger sowie der Wirtschaft gehalten. Auch wurde die Kooperation mit dem Zentrum f\u00fcr Telematik im Gesundheitswesen GmbH in Krefeld fortgef\u00fchrt.<\/p>\n<p>Im Rahmen der 50. Jahrestagung der GMDS, 12.-15. September 2005 in Freiburg i.B., wurde ein Gemeinsamer Workshop der GMDS-AG Standards f\u00fcr Kommunikation und Interoperabilit\u00e4t, der GMDS-AG Datenschutz in Gesundheitsinformationssystemen und der i2-health Projektpartner zum Thema \u201cHarmonisierung, Standardisierung und Interoperabilit\u00e4t beim Aufbau von Telematikinfrastrukturen in Europa (Stand und Perspektiven)\u201d durchgef\u00fchrt.<\/p>\n<p>Unter der Gesamtleitung von Dr. Engelbrecht f\u00fchrte die GMDS-AG Standardards f\u00fcr Kommunikation und Interoperabilit\u00e4t gemeinsam mit der GMDS-AG Karten im Gesundheitswesen und dem Deutschen ProRec-Zentrum am 25. und 26. Oktober 2005 im Rahmen der K-Online auf der Systems 20045in M\u00fcnchen einen Workshop \u201cSicherheit f\u00fcr Computeranwendungen im Krankenhaus\u201d durch. Auf dieser Veranstaltung wurden u.a. Vortr\u00e4ge zu den Themen \u201cSemantische Interoperabilit\u00e4t durch EHR-Standards, HL7 V3 und CDA \u2013 eine Basis f\u00fcr die Gesundheitstelematik-Plattform\u201d, \u201cQ-REC: Quality labelling und Certification\u201d, \u201cContinuity of Care Record Entwicklungen in den USA\u201d, \u201cSicherheitswerkzeuge und -dienste in der Gesundheitstelematik\u201d, \u201cTeletrust Biometrie \u2013 Update 2005\u2033, \u201cTelematikverbund von Krankenh\u00e4usern: Datensicherheit und Einpassung in die Telematikarchitektur\u201d sowie \u201cKooperative Versorgung und Akte im Netz auf Knopfdruck \u2013 Sicherheitsaspekte\u201d gehalten.<\/p>\n<p>Anl\u00e4\u00dflich der HL7-Jahrestagung vom 26.-28. Oktober 2005 in G\u00f6ttingen wurde ein gemeinsames Tutorium der GMDS AG \u201cStandards f\u00fcr Kommunikation und Interoperabilit\u00e4t\u201d und der HL7-Benutzergruppe in Deutschland e.V. zum Thema \u201cNeueste Entwicklungen zum Electronic Health Record\u201d erfolgreich durchgef\u00fchrt.<\/p>\n<p>Im Rahmen der 11. Fachtagung \u201cPraxis der Informationsverarbeitung in Frankenhaus und Versorgungsnetzen (KIS-Tagung), die vom 31. Mai \u2013 2. Juni 2006 in Kooperation mit der ITeG in Frankfurt veranstaltet wird, realisiert die GMDS-AG als verantwortliche Gruppe gemeinsam mit dem Deutschen ProRec-Zentrum, der HL7-Benutzergruppe in Deutschland und der GMDS-AG \u201cDatenschutz in Gesundheitsinformationssystemen einen Workshop zum Thema \u201cSemantische Interoperabilit\u00e4t in eHealth \u2013 Anforderungen, Standards und L\u00f6sungen\u201d. F\u00fcr diese Veranstaltung konnten renommierte Redner aus Wissenschaft und Industrie gewonnen werden. Die Themen sind u.a.:<\/p>\n<ul>\n<li>Paradigmenwechsel in der Gesundheitsversorgung \u2013 Personal Care<\/li>\n<li>Architektur-Prinzipien f\u00fcr semantisch-interoperable Gesundheitsinformationssysteme<\/li>\n<li>Standards und Implementierungen f\u00fcr EHR-Systeme<\/li>\n<li>HL7 Version 3 als Architekturstandard<\/li>\n<li>Referenzterminologien und Ontologien zur Sicherstellung semantischer Interoperabilit\u00e4t<\/li>\n<li>SNOMED Terminologie und Klassifikation<\/li>\n<li>Interoperabilit\u00e4tsinitiative des VHitG<\/li>\n<li>Patient Summary und e-Rezept \u2013 SCIPHOX Spezifikationen f\u00fcr die Einf\u00fchrung der elektronischen Gesundheitskarte<\/li>\n<li>Testung und Zertifizierung von eHealth-Systemen<\/li>\n<li>Die IHE-Initiative f\u00fcr semantisch-interoperables eHealth<\/li>\n<li>Policies f\u00fcr die Verkn\u00fcpfung von Forschungs- und Versorgungsnetzen<\/li>\n<li>Sicherheitsstandards f\u00fcr eHealth<\/li>\n<li>eHealth Europe \u2013 Vision oder Fiktion?<\/li>\n<\/ul>\n<p>Auch in diesem Jahr engagierte sich die GMDS-AG im Rahmen des von der EFMI WOrking Group \u201cElektronic Health Records\u201d organisierten Workshops zum EHR, der wesentlicher Teil des Programms der ICMCC 2006 des International Council for Medical &amp; Care Compunetics. Die Ergebnisse dieser Veranstaltung vom 7.-9. Juni 2006 in Den Haag stattfindenden Veranstaltung werden in der Reihe \u201cHealth Technology and Informatics\u201d von IOS Press, Amsterdam, ver\u00f6ffentlicht.<\/p>\n<p>Dar\u00fcber hinaus hielten Mitglieder der AG im Berichtszeitraum an verschiedenen Einrichtungen im In- und Ausland sowie auf Tagungen Vortr\u00e4ge zum Gegenstand der GMDS-Arbeitsgruppe und engagierten sich in verschiedenen Workshops anderer Organisationen.<br \/>\nDie Inhalte und Ergebnisse der Arbeit der GMDS-AG fanden in zahlreichen nationalen und internationalen Publikation ihren Niederschlag.<\/p>\n<\/div>\n<\/div>\n","protected":false},"excerpt":{"rendered":"<p>T\u00e4tigkeiten vom 1. Juli 2005 bis 30. Juni 2006 Laut Satzung stellt sich die GMDS-AG \u201cStandards f\u00fcr Kommunikation und Interoperabilit\u00e4t\u201d der Herausforderung, die Standardisierungsaktivit\u00e4ten auf dem Gebiet der Spezifikationen, Architektur- und Designprinzipien zur Sicherung der Interoperabilit\u00e4t von Informationssystemen bzw. Systemkomponenten zu f\u00f6rdern. In diesem Kontext sind Weiterentwicklungen bei den Kommunikationsstandards zu begleiten und zu unterst\u00fctzen. [&hellip;]<\/p>\n","protected":false},"author":1,"featured_media":0,"parent":0,"menu_order":0,"comment_status":"open","ping_status":"open","template":"","meta":{"footnotes":""},"_links":{"self":[{"href":"https:\/\/www.gmds-ag-sie.de\/index.php?rest_route=\/wp\/v2\/pages\/84"}],"collection":[{"href":"https:\/\/www.gmds-ag-sie.de\/index.php?rest_route=\/wp\/v2\/pages"}],"about":[{"href":"https:\/\/www.gmds-ag-sie.de\/index.php?rest_route=\/wp\/v2\/types\/page"}],"author":[{"embeddable":true,"href":"https:\/\/www.gmds-ag-sie.de\/index.php?rest_route=\/wp\/v2\/users\/1"}],"replies":[{"embeddable":true,"href":"https:\/\/www.gmds-ag-sie.de\/index.php?rest_route=%2Fwp%2Fv2%2Fcomments&post=84"}],"version-history":[{"count":1,"href":"https:\/\/www.gmds-ag-sie.de\/index.php?rest_route=\/wp\/v2\/pages\/84\/revisions"}],"predecessor-version":[{"id":87,"href":"https:\/\/www.gmds-ag-sie.de\/index.php?rest_route=\/wp\/v2\/pages\/84\/revisions\/87"}],"wp:attachment":[{"href":"https:\/\/www.gmds-ag-sie.de\/index.php?rest_route=%2Fwp%2Fv2%2Fmedia&parent=84"}],"curies":[{"name":"wp","href":"https:\/\/api.w.org\/{rel}","templated":true}]}}