{"id":88,"date":"2014-10-20T19:28:14","date_gmt":"2014-10-20T17:28:14","guid":{"rendered":"http:\/\/www.gmds-ag-sie.de\/?page_id=88"},"modified":"2014-10-20T19:28:14","modified_gmt":"2014-10-20T17:28:14","slug":"jahresbericht-072004-062005","status":"publish","type":"page","link":"https:\/\/www.gmds-ag-sie.de\/?page_id=88","title":{"rendered":"Jahresbericht 07\/2004 \u2013 06\/2005"},"content":{"rendered":"<div class=\"entry-content\">\n<div class=\"post-bodycopy clearfix\">\n<h2><strong><em>T\u00e4tigkeiten vom 1. Juli 2004 bis 30. Juni 2005<\/em><\/strong><\/h2>\n<p>Laut Satzung stellt sich die GMDS-AG \u201cStandards f\u00fcr Kommunikation und Interoperabilit\u00e4t\u201d der Herausforderung, die Standardisierungsaktivit\u00e4ten auf dem Gebiet der Spezifikationen, Architektur- und Designprinzipien zur Sicherung der Interoperabilit\u00e4t von Informationssystemen bzw. Systemkomponenten zu f\u00f6rdern. In diesem Kontext sind Weiterentwicklungen bei den Kommunikationsstandards zu begleiten und zu unterst\u00fctzen. Ein wichtiges Ziel ist es, den Gegenstand, den Prozess und die Ergebnisse der Standardisierung zu verbreiten und damit zur Akzeptanz und Weiterentwicklung der \u201cStandards f\u00fcr Kommunikation und Interoperabilit\u00e4t\u201d unter besonderer Ber\u00fccksichtigung des Electronic Health Record durch Industrie sowie Anwender beizutragen. Die Aktivit\u00e4ten der AG sind eng mit dem Engagement der Leiter und Mitglieder im Rahmen von Standardisierungsgremien (HL7, DIN, CEN, ISO, \u2026) verbunden. Mit diesen Organisationen \u2013 und hier insbesondere mit der HL\/7-Benutzergruppe in Deutschland e.V. \u2013 besteht naturgem\u00e4\u00df die intensivste Zusammenarbeit.<br \/>\nIm Berichtszeitraum konnte die AG die Verbindung zum VHitG wieder formal etablieren sowie die Verbindung zum Industrieverband BITKOM neu aufbauen. Im Kontext der letzteren Aktivit\u00e4t hielt der Berichterstatter zwei Vortr\u00e4ge zum Gegenstand der AG auf BITKOM-Veranstaltungen. Weiterhin wurde eine Kooperation mit dem Zentrum f\u00fcr Telematik im Gesundheitswesen GmbH in Krefeld aufgebaut.<\/p>\n<p>Ein spezielles Highlight der Arbeit mit internationaler Ausstrahlung war die Beteiligung der GMDS-AG an der Tagung der EFMI WG \u201cElectronic Health Records\u201d, die im Rahmen der der International Conference for Medical Communications and Compunetics (ICMCC; 2.-4. Juni 2004) in Den Haag, Niederlande, durchgef\u00fchrt wurde.<\/p>\n<p>Im Rahmen der K-Online auf der Systems 2004 in M\u00fcnchen wurde am 20. Oktober 2005 gemeinsam mit Dr. Engelbrecht (M\u00fcnchen) ein Workshop \u201cHL7 \u2013 Anwendung und Perspektiven\u201d durchgef\u00fchrt. Im Einzelnen wurden die Themen \u201cKommunikationsstandards und Sicherheitsl\u00f6sungen f\u00fcr die Gesundheitstelematik\u201d, \u201cNachrichtenprofile und Zertifizierung f\u00fcr HL7 Version 2.5\u2033, \u201cPraktische Erfahrungen mit HL7 Version 3\u2033 und \u201cIntegrating the Healthcare Enterprise (IHE): Erfolgreiche Wege der Systemintegration\u201d behandelt.<\/p>\n<p>Anl\u00e4sslich der HL7-Jahrestagung 2004 wurde von der AG ein gemeinsames Tutorium \u201cElectronic Health Records und Clinical Document Architecture\u201d realisiert.<\/p>\n<p>Im Rahmen der 10. Fachtagung \u201cPraxis der Informationsverarbeitung in Krankenhaus und Versorgungsnetzen\u201d (KIS-Tagung) vom 2.-4. M\u00e4rz 2005 in Hamburg wurde von der AG gemeinsam mit der HL7-Benutzergruppe in Deutschland e.V. ein Workshop zum Thema \u201cTelematik-Plattform f\u00fcr verzahnte Versorgung auf der Basis von Interoperabilit\u00e4tsstandards \u2013 Ist das bIT4health-Projekt state-of-the-art?\u201d durchgef\u00fchrt. Der Workshop fokussierte auf die Themenfelder \u201cNeuere Entwicklungen in HL7 Version 3 \u2013 Ist HL7 ein Kommunikations- oder ein Architekturstandard?\u201d, \u201cDetaillierte Ergebnisse der europ\u00e4ischen eHealth Standardization Focus Group und beispielhafte eHealth-Entwicklungen au\u00dferhalb Deutschlands\u201d, \u201cCDA und abgeleitete Ergebnisse f\u00fcr Verzahnung zwischen ambulantem und station\u00e4rem Gesundheitswesen \u2013 Ergebnisse des SCIPHOX-Projekts f\u00fcr bIT4health\u201d, \u201cStandards und Projekte zur eHealth-Interoperabilit\u00e4t einschlie\u00dflich EHR aus HL7, ISO, CEN und anderen Standardisierungsgremien\u201d \u201cDer IHE-Prozess als Interoperabilit\u00e4tskonzept\u201d, \u201ceHealth-Sicherheitsinfrastruktur \u2013 PKI, Smartcards und TTP-Services\u201d und \u201cIdentifikation und Pers\u00f6nlichkeitsschutz \u2013 Anonymisierung und Pseudonymisierung\u201d.<\/p>\n<p>Auf der ITeG 2005 in Frankfurt veranstaltete die GMDS-AG \u201cStandards f\u00fcr Kommunikation und Interoperabilit\u00e4t\u201d gemeinsam mit der HL7-Benutzergruppe in Deutschland e.V. und dem VHitG am 28. April 2005 einen Workshop mit internationaler Beteiligung zum Thema \u201cStandards f\u00fcr Interoperabilit\u00e4t im Gesundheitswesen \u2013 Standards for Healthcare Interoperability\u201d.<\/p>\n<p>Schlie\u00dflich f\u00fchrten die GMDS AGs \u201cStandards f\u00fcr Kommunikation und Interoperabilit\u00e4t\u201d und \u201cDatenschutz in Gesundheitsinformationssystemen\u201d gemeinsam mit den EFMI WGs \u201cElectronic Health Records\u201d, \u201cSecurity, Safety and Ethics\u201d und \u201cCards\u201d sowie der HL7-Benutzergruppe in Deutschland e.V. und HL7-USA am 6. Mai 2005 in Leiden, Niederlande, einen Workshop \u201cGlobal standards for trustworthy, interoperable, portable health information systems and health networks including the core application Electronic Health Record\u201d durch.<\/p>\n<p>Dar\u00fcber hinaus hielten Mitglieder der AG im Berichtszeitraum an verschiedenen Einrichtungen im In- und Ausland sowie auf Tagungen Vortr\u00e4ge zum Gegenstand der GMDS-Arbeitsgruppe und engagierten sich in verschiedenen Workshops anderer Organisationen.<\/p>\n<p>Die Aktivit\u00e4ten der AG wurden im Berichtszeitraum wiederum durch die Aktivit\u00e4ten des Bundesministeriums f\u00fcr die Schaffung einer Gesundheitstelematik-Plattform beeinflusst. Einen wesentlichen Platz nahm auch die Arbeit als Chair der CEN\/ISSS eHealth Standardization Focus Group ein.<\/p>\n<\/div>\n<\/div>\n","protected":false},"excerpt":{"rendered":"<p>T\u00e4tigkeiten vom 1. Juli 2004 bis 30. Juni 2005 Laut Satzung stellt sich die GMDS-AG \u201cStandards f\u00fcr Kommunikation und Interoperabilit\u00e4t\u201d der Herausforderung, die Standardisierungsaktivit\u00e4ten auf dem Gebiet der Spezifikationen, Architektur- und Designprinzipien zur Sicherung der Interoperabilit\u00e4t von Informationssystemen bzw. Systemkomponenten zu f\u00f6rdern. In diesem Kontext sind Weiterentwicklungen bei den Kommunikationsstandards zu begleiten und zu unterst\u00fctzen. [&hellip;]<\/p>\n","protected":false},"author":1,"featured_media":0,"parent":0,"menu_order":0,"comment_status":"open","ping_status":"open","template":"","meta":{"footnotes":""},"_links":{"self":[{"href":"https:\/\/www.gmds-ag-sie.de\/index.php?rest_route=\/wp\/v2\/pages\/88"}],"collection":[{"href":"https:\/\/www.gmds-ag-sie.de\/index.php?rest_route=\/wp\/v2\/pages"}],"about":[{"href":"https:\/\/www.gmds-ag-sie.de\/index.php?rest_route=\/wp\/v2\/types\/page"}],"author":[{"embeddable":true,"href":"https:\/\/www.gmds-ag-sie.de\/index.php?rest_route=\/wp\/v2\/users\/1"}],"replies":[{"embeddable":true,"href":"https:\/\/www.gmds-ag-sie.de\/index.php?rest_route=%2Fwp%2Fv2%2Fcomments&post=88"}],"version-history":[{"count":1,"href":"https:\/\/www.gmds-ag-sie.de\/index.php?rest_route=\/wp\/v2\/pages\/88\/revisions"}],"predecessor-version":[{"id":91,"href":"https:\/\/www.gmds-ag-sie.de\/index.php?rest_route=\/wp\/v2\/pages\/88\/revisions\/91"}],"wp:attachment":[{"href":"https:\/\/www.gmds-ag-sie.de\/index.php?rest_route=%2Fwp%2Fv2%2Fmedia&parent=88"}],"curies":[{"name":"wp","href":"https:\/\/api.w.org\/{rel}","templated":true}]}}