{"id":92,"date":"2014-10-20T19:28:42","date_gmt":"2014-10-20T17:28:42","guid":{"rendered":"http:\/\/www.gmds-ag-sie.de\/?page_id=92"},"modified":"2014-10-20T19:28:42","modified_gmt":"2014-10-20T17:28:42","slug":"jahresbericht-072003-062004","status":"publish","type":"page","link":"https:\/\/www.gmds-ag-sie.de\/?page_id=92","title":{"rendered":"Jahresbericht 07\/2003 \u2013 06\/2004"},"content":{"rendered":"<div class=\"entry-content\">\n<div class=\"post-bodycopy clearfix\">\n<h2><strong><em>T\u00e4tigkeiten vom 1. Juli 2003 bis 30. Juni 2004<\/em><\/strong><\/h2>\n<p>Laut Satzung stellt sich die GMDS-AG \u201cStandards f\u00fcr Kommunikation und Interoperabilit\u00e4t\u201d der Herausforderung, die Standardisierungsaktivit\u00e4ten auf dem Gebiet der Spezifikationen, Architektur- und Designprinzipien zur Sicherung der Interoperabilit\u00e4t von Informationssystemen bzw. Systemkomponenten zu f\u00f6rdern. In diesem Kontext sind Weiterentwicklungen bei den Kommunikationsstandards zu begleiten und zu unterst\u00fctzen. Ein wichtiges Ziel ist es, den Gegenstand, den Prozess und die Ergebnisse der Standardisierung zu verbreiten und damit zur Akzeptanz und Weiterentwicklung der \u201cStandards f\u00fcr Kommunikation und Interoperabilit\u00e4t\u201d unter besonderer Ber\u00fccksichtigung des Electronic Health Record durch Industrie sowie Anwender beizutragen. Die Aktivit\u00e4ten der AG sind eng mit dem Engagement der Leiter und Mitglieder im Rahmen von Standardisierungsgremien (HL7, DIN, CEN, ISO, \u2026) verbunden. Im Berichtszeitraum konnte sich die AG weiter etablieren. Die Zusammenarbeit mit der Industrie durch Fusion mit der AG \u201cArchitektur, Kommunikation und Sicherheit\u201d des VHitG (Verband der Hersteller von IT-L\u00f6sungen f\u00fcr das Gesundheitswesen) wurde fortgesetzt. Diese Liaison f\u00fchrte weiterhin zur Erh\u00f6hung der Praktikabilit\u00e4t und Wirksamkeit der Arbeit der AG. Durch personelle Ver\u00e4nderungen im VHitG mussten in den vergangenen Wochen neue Vertreter etabliert werden, was aber in guter Qualit\u00e4t gelang.<\/p>\n<p>Die Aktivit\u00e4ten der AG wurden im Berichtszeitraum ma\u00dfgeblich in die Aktivit\u00e4ten des Bundesministeriums f\u00fcr die Schaffung einer Gesundheitstelematik-Plattform eingeordnet. Das aktuelle \u201cbIT4health\u201d-Projekt zur Schaffung einer entsprechenden Rahmenarchitektur und Sicherheitsinfrastruktur koinzidiert vollst\u00e4ndig mit den Aufgaben und Zielstellungen der GMDS-AG \u201cStandards f\u00fcr Kommunikation und Interoperabilit\u00e4t\u201d. Die Mitglieder der AG agierten in abgestimmter Weise bei der Vorbereitung, Kommentierung und Weiterentwicklung des Projektes und seiner Spezifikationen. Ein H\u00f6hepunkt der Arbeit der GMDS-AG \u201cStandards f\u00fcr Kommunikation und Interoperabilit\u00e4t\u201d war der sehr erfolgreiche und sehr gut besuchte Workshop der AG zum Thema \u201cInteroperabilit\u00e4t von fortgeschrittenen Electronic Health Record Systemen\u201d im Rahmen der GMDS Jahrestagung 2003 in M\u00fcnster.<\/p>\n<p>Dar\u00fcber hinaus beteiligten sich die AG und ihre Mitglieder sehr aktiv und erfolgreich an mehreren Workshops, die von der Universit\u00e4t Magdeburg, der HL7-Benutzergruppe in Deutschland, der EFMI, den ProRec-Instituten und weiteren Organisationen realisiert worden waren. Dazu z\u00e4hlen<\/p>\n<ul>\n<li>der SeSAM Workshop \u201cIT Security for Saxony-Anhalt\u201d Im Juli 2003 in Magdeburg,<\/li>\n<li>die WITFOR Conference im August 2003 in Vilnius, Litauen, auf der der Bereichterstatter als WITFOR Co-Chair der Healthcare Commission aktiv war,<\/li>\n<li>die Workshops im Rahmen des \u201cbIT4health\u201d-Projektes,<\/li>\n<li>die \u201c8th Annual Conference and Scientific Symposium of the Healthcare Informatics Society Ireland and 6th EuroRec Conference\u201d im November 2003 in Dublin, Irland,<\/li>\n<li>die Konferenz \u201cTEHRE 2003 Toward an Electronic Health Record Europe\u201d im Dezember 2003 in London und<\/li>\n<li>die EuroMISE 2004 im April 2004 in Prag.<\/li>\n<\/ul>\n<p>Auf diesen Veranstaltungen wurden durch Mitglieder der AG deren Arbeitsinhalte und Ergebnisse vorgestellt. Ein spezielles Highlight der Arbeit mit internationaler Ausstrahlung ist die Beteiligung der GMDS-AG an der Tagung der EFMI WG \u201cElectronic Health Records\u201d, die im Rahmen der der International Conference for Medical Communications and Compunetics (ICMCC, 2. bis 4. Juni 2004) in Den Haag, Niederlande, durchgef\u00fchrt wird.<\/p>\n<p>Die gute \u00d6ffentlichkeitsarbeit der GMDS-AG \u201cStandards f\u00fcr Kommunikation und Interoperabilit\u00e4t\u201d in den letzten Jahren hat in der zweiten H\u00e4lfte des Berichtszeitraums durch die immensen Verpflichtungen der Leiter und AG-Mitglieder in Kontext der bedeutenden nationalen und internationalen Aktivit\u00e4ten etwas gelitten und muss im n\u00e4chsten Berichtszeitraum wieder verbessert werden.<\/p>\n<\/div>\n<\/div>\n","protected":false},"excerpt":{"rendered":"<p>T\u00e4tigkeiten vom 1. Juli 2003 bis 30. Juni 2004 Laut Satzung stellt sich die GMDS-AG \u201cStandards f\u00fcr Kommunikation und Interoperabilit\u00e4t\u201d der Herausforderung, die Standardisierungsaktivit\u00e4ten auf dem Gebiet der Spezifikationen, Architektur- und Designprinzipien zur Sicherung der Interoperabilit\u00e4t von Informationssystemen bzw. Systemkomponenten zu f\u00f6rdern. In diesem Kontext sind Weiterentwicklungen bei den Kommunikationsstandards zu begleiten und zu unterst\u00fctzen. [&hellip;]<\/p>\n","protected":false},"author":1,"featured_media":0,"parent":0,"menu_order":0,"comment_status":"open","ping_status":"open","template":"","meta":{"footnotes":""},"_links":{"self":[{"href":"https:\/\/www.gmds-ag-sie.de\/index.php?rest_route=\/wp\/v2\/pages\/92"}],"collection":[{"href":"https:\/\/www.gmds-ag-sie.de\/index.php?rest_route=\/wp\/v2\/pages"}],"about":[{"href":"https:\/\/www.gmds-ag-sie.de\/index.php?rest_route=\/wp\/v2\/types\/page"}],"author":[{"embeddable":true,"href":"https:\/\/www.gmds-ag-sie.de\/index.php?rest_route=\/wp\/v2\/users\/1"}],"replies":[{"embeddable":true,"href":"https:\/\/www.gmds-ag-sie.de\/index.php?rest_route=%2Fwp%2Fv2%2Fcomments&post=92"}],"version-history":[{"count":1,"href":"https:\/\/www.gmds-ag-sie.de\/index.php?rest_route=\/wp\/v2\/pages\/92\/revisions"}],"predecessor-version":[{"id":95,"href":"https:\/\/www.gmds-ag-sie.de\/index.php?rest_route=\/wp\/v2\/pages\/92\/revisions\/95"}],"wp:attachment":[{"href":"https:\/\/www.gmds-ag-sie.de\/index.php?rest_route=%2Fwp%2Fv2%2Fmedia&parent=92"}],"curies":[{"name":"wp","href":"https:\/\/api.w.org\/{rel}","templated":true}]}}