{"id":96,"date":"2014-10-20T19:29:12","date_gmt":"2014-10-20T17:29:12","guid":{"rendered":"http:\/\/www.gmds-ag-sie.de\/?page_id=96"},"modified":"2014-10-20T19:29:12","modified_gmt":"2014-10-20T17:29:12","slug":"jahresbericht-072002-062003","status":"publish","type":"page","link":"https:\/\/www.gmds-ag-sie.de\/?page_id=96","title":{"rendered":"Jahresbericht 07\/2002 \u2013 06\/2003"},"content":{"rendered":"<div class=\"entry-content\">\n<div class=\"post-bodycopy clearfix\">\n<h2><strong><em>T\u00e4tigkeiten vom 1. Juli 2002 bis 30. Juni 2003<\/em><\/strong><\/h2>\n<p>Laut Satzung stellt sich die GMDS-AG \u201cStandards f\u00fcr Kommunikation und Interoperabilit\u00e4t\u201d der Herausforderung, die Standardisierungsaktivit\u00e4ten auf dem Gebiet der Spezifikationen, Architektur- und Designprinzipien zur Sicherung der Interoperabilit\u00e4t von Informationssystemen bzw. Systemkomponenten zu f\u00f6rdern. In diesem Kontext sind Weiterentwicklungen bei den Kommunikationsstandards zu begleiten und zu unterst\u00fctzen. Ein wichtiges Ziel ist es, den Gegenstand, den Prozess und die Ergebnisse der Standardisierung zu verbreiten und damit zur Akzeptanz und Weiterentwicklung der \u201cStandards f\u00fcr Kommunikation und Interoperabilit\u00e4t\u201d unter besonderer Ber\u00fccksichtigung des Electronic Health Record durch Industrie sowie Anwender beizutragen. Die Aktivit\u00e4ten der AG sind eng mit dem Engagement der Leiter und Mitglieder im Rahmen von Standardisierungsgremien (HL7, DIN, CEN, ISO, \u2026) verbunden.<\/p>\n<p>Im Berichtszeitraum konnte sich die AG weiter etablieren. Dabei ist insbesondere die Verbesserung der Zusammenarbeit mit der Industrie durch Fusion mit der AG \u201cArchitektur, Kommunikation und Sicherheit\u201d des VHitG (Verband der Hersteller von IT-L\u00f6sungen f\u00fcr das Gesundheitswesen) herauszustellen. Diese Liaison f\u00fchrte zur Erh\u00f6hung der Praktikabilit\u00e4t und Wirksamkeit der Arbeit der AG.<\/p>\n<p>Es wurden verschiedene AG-Tagungen und mehrere Workshops (z.T. gemeinsam mit der HL7-Benutzergruppe in Deutschland e.V., dem Institut f\u00fcr Biometrie und Medizinische Informatik an der Otto-von-Guericke-Universit\u00e4t Magdeburg sowie den EuroRec\/ProRec Institut) durchgef\u00fchrt, die sich ausf\u00fchrlich mit Entwicklungen, Trends und Projektaktivit\u00e4ten auf dem Gebiet der Standardisierung von Kommunikation und Interoperabilit\u00e4t (HL7\/XML, HL7 Version 3, CORBA, Component Architecture, Electronic Health Record, \u2026) befassten. Dabei sind insbesondere die Tagungen<\/p>\n<ul>\n<li>Internationales Kolloquium \u201cInternational Collaboration to Provide Solutions for Advanced and Secure Interoperability of Health Information Systems\u201d, vom 4. bis 6. Dezember 2002 in Magdeburg (die Ergebnisse des Kolloquiums werden als Volume 96 in der Reihe \u201cSeries on Health Technology and Informatics\u201d im IOS Press Verlag Amsterdam ver\u00f6ffentlicht)<\/li>\n<li>Konferenz \u201cElectronic Health Records: Our Care\u201d, organisiert von Dr. Rolf Engelbrecht (EuroRec Institute und Deutsches ProRec-Institut), vom 12. bis 14. Dezember 2002 in Berlin<\/li>\n<li>HL7 Annual Meeting und XML Experten-Workshop \u201cTowards an Electronic Patient Record\u201d vom 9. bis 11. Oktober 2002 in Berlin<\/li>\n<\/ul>\n<p>zu nennen, auf denen AG auftrat bzw. offizieller Mitveranstalter war.<\/p>\n<p>Au\u00dferdem wurde auf der International Conference on Telemedicine ICT 2002 vom 23. bis 25. September 2002 in Regensburg ein Workshop organisiert und mit internationaler Beteiligung realisiert.<\/p>\n<p>Eine wichtige Aktivit\u00e4t, die ebenfalls gemeinsam mit der HL7-Benutzergruppe in Deutschland e. V. realisiert wird, ist das SCIPHOX-Projekt zur Spezifikation und Implementierung eines Kommunikationsprotokolls zwischen Krankenhausinformationssystemen und Praxiscomputersystemen.<\/p>\n<p>Die \u00d6ffentlichkeitsarbeit der GMDS-AG SKI hat sich weiter verbessert. Die AG f\u00fchrt erfolgreich eine aktive, durch den Stellvertretenden AG-Leiter, Dr. Heitmann, gestaltete Web-Seite.<\/p>\n<h3><em>Vorgesehene Aktivit\u00e4ten 2002\/2003<\/em><\/h3>\n<p>Im kommenden Berichtsjahr wird die Informationsarbeit weiter entwickelt, wobei den Standards f\u00fcr Interoperabilit\u00e4t, insbesondere den Komponentensystemen, den wichtigsten internationalen Standards f\u00fcr die Architektur und Kommunikation interoperabler verteilter Electronic Health Records sowie neuen Orientierungen bei den Kommunikationsstandards eine erh\u00f6hte Aufmerksamkeit geschenkt wird.<\/p>\n<p>Auf der n\u00e4chsten GMDS-Jahrestagung in M\u00fcnster wird durch die GMDS-AG \u201cStandards f\u00fcr Kommunikation und Interoperabilit\u00e4t\u201d ein Workshop zum Thema \u201cInteroperabilit\u00e4t von fortgeschrittenen Electronic Health Record Systemen\u201d durchgef\u00fchrt werden.<\/p>\n<\/div>\n<\/div>\n","protected":false},"excerpt":{"rendered":"<p>T\u00e4tigkeiten vom 1. Juli 2002 bis 30. Juni 2003 Laut Satzung stellt sich die GMDS-AG \u201cStandards f\u00fcr Kommunikation und Interoperabilit\u00e4t\u201d der Herausforderung, die Standardisierungsaktivit\u00e4ten auf dem Gebiet der Spezifikationen, Architektur- und Designprinzipien zur Sicherung der Interoperabilit\u00e4t von Informationssystemen bzw. Systemkomponenten zu f\u00f6rdern. In diesem Kontext sind Weiterentwicklungen bei den Kommunikationsstandards zu begleiten und zu unterst\u00fctzen. [&hellip;]<\/p>\n","protected":false},"author":1,"featured_media":0,"parent":0,"menu_order":0,"comment_status":"open","ping_status":"open","template":"","meta":{"footnotes":""},"_links":{"self":[{"href":"https:\/\/www.gmds-ag-sie.de\/index.php?rest_route=\/wp\/v2\/pages\/96"}],"collection":[{"href":"https:\/\/www.gmds-ag-sie.de\/index.php?rest_route=\/wp\/v2\/pages"}],"about":[{"href":"https:\/\/www.gmds-ag-sie.de\/index.php?rest_route=\/wp\/v2\/types\/page"}],"author":[{"embeddable":true,"href":"https:\/\/www.gmds-ag-sie.de\/index.php?rest_route=\/wp\/v2\/users\/1"}],"replies":[{"embeddable":true,"href":"https:\/\/www.gmds-ag-sie.de\/index.php?rest_route=%2Fwp%2Fv2%2Fcomments&post=96"}],"version-history":[{"count":1,"href":"https:\/\/www.gmds-ag-sie.de\/index.php?rest_route=\/wp\/v2\/pages\/96\/revisions"}],"predecessor-version":[{"id":99,"href":"https:\/\/www.gmds-ag-sie.de\/index.php?rest_route=\/wp\/v2\/pages\/96\/revisions\/99"}],"wp:attachment":[{"href":"https:\/\/www.gmds-ag-sie.de\/index.php?rest_route=%2Fwp%2Fv2%2Fmedia&parent=96"}],"curies":[{"name":"wp","href":"https:\/\/api.w.org\/{rel}","templated":true}]}}